{"id":15,"date":"2020-12-08T20:28:01","date_gmt":"2020-12-08T20:28:01","guid":{"rendered":"http:\/\/localhost.artandpractice\/?page_id=15"},"modified":"2026-03-31T13:02:38","modified_gmt":"2026-03-31T20:02:38","slug":"exhibitions","status":"publish","type":"page","link":"https:\/\/artandpractice.org\/es\/exhibitions\/","title":{"rendered":"Exposiciones"},"content":{"rendered":"<section class=\"block-no-exhibitions bottom-margin-extra-large\">\n  <div class=\"image-container background-cover\" style=\"background-image: url(https:\/\/artandpractice.org\/wp-content\/themes\/artandpractice2021\/assets\/img\/ap-photo-upcoming.jpg);\">\n    <div class=\"grid-container\">\n      <div class=\"grid-x grid-margin-x align-justify align-bottom\">\n        <div class=\"cell\">\n          <div class=\"text\">\n            <p>\u00a1Vuelva a consultar regularmente para ver los cambios en las exposiciones o \u00fanase a nuestra lista de correo para recibir actualizaciones directamente en su bandeja de entrada!<\/p>\n            <h3>\n              <a href=\"https:\/\/artandpractice.org\/es\/subscribe\/\" class=\"arrow-link\">\u00danase a la lista de correo <i class=\"fas fa-arrow-right arrow\"><\/i><\/a>\n            <\/h3>\n          <\/div>\n        <\/div>\n      <\/div>\n    <\/div>\n  <\/div>\n<\/section>\n\n\n\n\n\n\n\n<section id=\"exhibitions-on-view-now-upcoming-block_d1417a854433867c0daeb480b1b0847e-upcoming\" class=\"block-exhibitions-on-view-now-upcoming bottom-margin-large\">\n  <div class=\"grid-container\">\n    <div class=\"grid-x grid-margin-x align-justify align-bottom grid-header\">\n      <div class=\"cell\">\n        <h2>Pr\u00f3ximamente<\/h2>\n      <\/div>\n    <\/div>\n  <\/div>\n    <div class=\"upcoming-exhibition\">\n    <div class=\"grid-container\">\n      <div class=\"grid-x grid-margin-x show-for-small-only grid-exhibition-info\">\n        <div class=\"cell\">\n                    <div class=\"exhibition-abstract\" data-post-url=\"https:\/\/artandpractice.org\/es\/exhibitions\/exhibition\/kinship-community-selections-from-the-texas-african-american-photography-archive\/\">\n  <style type=\"text\/css\">\n    #item-3714 {\n      background-color: #e8fe54;\n      color: #000000;\n    }\n    #item-3714 .box {\n      background-color: #e8fe54;\n    }\n    #item-3714 {\n      border-color: #e8fe54;\n    }\n  <\/style>\n  <div class=\"item\" id=\"item-3714\">\n            <a href=\"https:\/\/artandpractice.org\/es\/exhibitions\/exhibition\/kinship-community-selections-from-the-texas-african-american-photography-archive\/\" class=\"responsive-embed square background-contain\" style=\"background-image: url(https:\/\/artandpractice.org\/wp-content\/uploads\/2026\/03\/DA.1B4.94-1-1000x779.jpg);\"><\/a>\n        <div class=\"box\" data-equalizer-watch>\n      <div class=\"top\">\n        <h2>Kinship &#038; Community:<\/h2>\n                <p class=\"deck\">\n          SELECTIONS FORM THE TEXAS AFRICAN AMERICAN PHOTOGRAPHY ARCHIVE        <\/p>\n              <\/div>\n      <h4>\n        abril 18, 2026&ndash;septiembre 5, 2026      <\/h4>\n    <\/div>\n  <\/div>\n<\/div>\n        <\/div>\n      <\/div>\n    <\/div>\n    <style type=\"text\/css\">\n      #strip-3714 {\n        color: #000000;\n        background-color: #e8fe54;\n        border: 30px solid #e8fe54;\n        border-left: none;\n      }\n    <\/style>\n        <div class=\"strip hide-for-small-only\" id=\"strip-3714\">\n      <div class=\"grid-container fluid full\">\n        <div class=\"grid-x grid-margin-x align-justify\">\n          <div class=\"cell medium-offset-8 medium-4\">\n            <a href=\"https:\/\/artandpractice.org\/es\/exhibitions\/exhibition\/kinship-community-selections-from-the-texas-african-american-photography-archive\/\">\n              <img decoding=\"async\" src=\"https:\/\/artandpractice.org\/wp-content\/uploads\/2026\/03\/DA.1B4.94-1-1000x779.jpg\" alt=\"\">\n             <\/a>\n          <\/div>\n        <\/div>\n      <\/div>\n      <div class=\"text-container\">\n        <div class=\"exhibition-abstract\" data-permalink=\"https:\/\/artandpractice.org\/es\/exhibitions\/exhibition\/kinship-community-selections-from-the-texas-african-american-photography-archive\/\">\n          <div class=\"grid-container\">\n            <div class=\"grid-x grid-margin-x\">\n              <div class=\"cell medium-8 flex-container flex-dir-column cell-text\">\n                <div class=\"flex-child-shrink\">\n                  <h2>Kinship &amp; community: selections from the texas african american photography archive<\/h2>\n                  <h4>\n                    abril 18, 2026&ndash;septiembre 5, 2026                  <\/h4>\n                <\/div>\n                <div class=\"flex-child-shrink\">\n                                    <div class=\"partnerships\">\n                    <h4>In Collaboration With THE CALIFORNIA AFRICAN AMERICAN MUSEUM<\/h4>\n                  <\/div>\n                                  <\/div>\n              <\/div>\n            <\/div>\n          <\/div>\n        <\/div>\n      <\/div>\n    <\/div>\n  <\/div>\n    <div class=\"upcoming-exhibition\">\n    <div class=\"grid-container\">\n      <div class=\"grid-x grid-margin-x show-for-small-only grid-exhibition-info\">\n        <div class=\"cell\">\n                    <div class=\"exhibition-abstract\" data-post-url=\"https:\/\/artandpractice.org\/es\/exhibitions\/exhibition\/rahim-fortune-between-a-memory-and-me\/\">\n  <style type=\"text\/css\">\n    #item-3718 {\n      background-color: #5eadd4;\n      color: #000000;\n    }\n    #item-3718 .box {\n      background-color: #5eadd4;\n    }\n    #item-3718 {\n      border-color: #5eadd4;\n    }\n  <\/style>\n  <div class=\"item\" id=\"item-3718\">\n            <a href=\"https:\/\/artandpractice.org\/es\/exhibitions\/exhibition\/rahim-fortune-between-a-memory-and-me\/\" class=\"responsive-embed square background-contain\" style=\"background-image: url(https:\/\/artandpractice.org\/wp-content\/uploads\/2026\/03\/72_Queen-Coronation-Prairie-View-Texas-2023_58853_002_03_Fnl-1000x1250.jpg);\"><\/a>\n        <div class=\"box\" data-equalizer-watch>\n      <div class=\"top\">\n        <h2>RAHIM FORTUNE:<\/h2>\n                <p class=\"deck\">\n          BETWEEN A MEMORY AND ME        <\/p>\n              <\/div>\n      <h4>\n        abril 18, 2026&ndash;septiembre 5, 2026      <\/h4>\n    <\/div>\n  <\/div>\n<\/div>\n        <\/div>\n      <\/div>\n    <\/div>\n    <style type=\"text\/css\">\n      #strip-3718 {\n        color: #000000;\n        background-color: #5eadd4;\n        border: 30px solid #5eadd4;\n        border-left: none;\n      }\n    <\/style>\n        <div class=\"strip hide-for-small-only\" id=\"strip-3718\">\n      <div class=\"grid-container fluid full\">\n        <div class=\"grid-x grid-margin-x align-justify\">\n          <div class=\"cell medium-offset-8 medium-4\">\n            <a href=\"https:\/\/artandpractice.org\/es\/exhibitions\/exhibition\/rahim-fortune-between-a-memory-and-me\/\">\n              <img decoding=\"async\" src=\"https:\/\/artandpractice.org\/wp-content\/uploads\/2026\/03\/72_Queen-Coronation-Prairie-View-Texas-2023_58853_002_03_Fnl-1000x1250.jpg\" alt=\"\">\n             <\/a>\n          <\/div>\n        <\/div>\n      <\/div>\n      <div class=\"text-container\">\n        <div class=\"exhibition-abstract\" data-permalink=\"https:\/\/artandpractice.org\/es\/exhibitions\/exhibition\/rahim-fortune-between-a-memory-and-me\/\">\n          <div class=\"grid-container\">\n            <div class=\"grid-x grid-margin-x\">\n              <div class=\"cell medium-8 flex-container flex-dir-column cell-text\">\n                <div class=\"flex-child-shrink\">\n                  <h2>RAHIM FORTUNE BETWEEN A MEMORY AND ME<\/h2>\n                  <h4>\n                    abril 18, 2026&ndash;septiembre 5, 2026                  <\/h4>\n                <\/div>\n                <div class=\"flex-child-shrink\">\n                                    <div class=\"partnerships\">\n                    <h4>In Collaboration With THE CALIFORNIA AFRICAN AMERICAN MUSEUM<\/h4>\n                  <\/div>\n                                  <\/div>\n              <\/div>\n            <\/div>\n          <\/div>\n        <\/div>\n      <\/div>\n    <\/div>\n  <\/div>\n  <\/section>\n\n\n\n\n\n\n<section id=\"text-block_41d505811805b20bcb3ad4e946205838\" class=\"block-text bottom-margin-small\">\n  <div class=\"grid-container\">\n    <div class=\"grid-x grid-margin-x\">\n      <div class=\"cell\">\n        <h2 class=\"h1\" style=\"color: #008566\">CAAM EN A+P<\/h2>\n<p><span style=\"font-weight: 400\">El Museo Afroamericano de California en A+P es una colaboraci\u00f3n de cinco a\u00f1os (2022-2027) que lleva las exposiciones organizadas por CAAM al espacio expositivo de A+P y desarrolla un centro para que CAAM genere nuevos programas. A cambio, A+P destina recursos financieros y de personal a la visi\u00f3n de CAAM en apoyo de la residencia del museo en Leimert Park. Nuestra exposici\u00f3n actual <a href=\"https:\/\/artandpractice.org\/es\/exhibitions\/exhibition\/giving-you-the-best-that-i-got\/\"><span style=\"font-family: halyard-text, sans-serif\"><i>Te doy lo mejor de m\u00ed.<\/i><\/span><\/a> Se puede visitar del 11 de octubre de 2025 al 7 de marzo de 2026.<\/span><\/p>\n      <\/div>\n    <\/div>\n  <\/div>\n<\/section>\n\n\n\n<section id=\"video-block_87574bbbb9bd08606987a9c1c03dfdcf\" class=\"block-video bottom-margin-large\">\n  <div class=\"grid-container\">\n    <div class=\"grid-x grid-margin-x\">\n      <div class=\"cell\">\n        <div class=\"video-container\">\n          <iframe loading=\"lazy\" width=\"560\" height=\"315\" src=\"https:\/\/www.youtube.com\/embed\/WKxxgAHxYYI\" title=\"Reproductor de video de YouTube\" frameborder=\"0\" allow=\"accelerometer; autoplay; clipboard-write; encrypted-media; gyroscope; picture-in-picture\" allowfullscreen><\/iframe>        <\/div>\n      <\/div>\n    <\/div>\n  <\/div>\n<\/section>\n\n\n\n<section id=\"exhibitions-archived-block_3c67cfd923389124f5be0bb93e407269\" class=\"block-exhibitions-archived bottom-margin-large\">\n  <div class=\"grid-container\">\n    <div class=\"grid-x grid-margin-x align-justify align-bottom grid-header\">\n      <div class=\"cell medium-shrink\">\n        <h2>Archivado<\/h2>\n      <\/div>\n      <div class=\"cell medium-shrink\">\n        <h3>\n          <a href=\"https:\/\/artandpractice.org\/es\/archive\/exhibitions\/\" class=\"arrow-link\">Ver todas las exposiciones archivadas <i class=\"fas fa-arrow-right\"><\/i><\/a>\n        <\/h3>\n      <\/div>\n    <\/div>\n        <div class=\"grid-x grid-margin-x small-up-1 medium-up-3\" data-equalizer data-equalize-on=\"medium\" data-equalize-by-row=\"true\">\n                <div class=\"cell\">\n        <div class=\"item\">\n                    <div class=\"exhibition-abstract\" data-post-url=\"https:\/\/artandpractice.org\/es\/exhibitions\/exhibition\/kinship-community-selections-from-the-texas-african-american-photography-archive\/\">\n  <style type=\"text\/css\">\n    #item-3714 {\n      background-color: #e8fe54;\n      color: #000000;\n    }\n    #item-3714 .box {\n      background-color: #e8fe54;\n    }\n    #item-3714 {\n      border-color: #e8fe54;\n    }\n  <\/style>\n  <div class=\"item\" id=\"item-3714\">\n            <a href=\"https:\/\/artandpractice.org\/es\/exhibitions\/exhibition\/kinship-community-selections-from-the-texas-african-american-photography-archive\/\" class=\"responsive-embed square background-contain\" style=\"background-image: url(https:\/\/artandpractice.org\/wp-content\/uploads\/2026\/03\/DA.1B4.94-1-1000x779.jpg);\"><\/a>\n        <div class=\"box\" data-equalizer-watch>\n      <div class=\"top\">\n        <h2>Kinship &#038; Community:<\/h2>\n                <p class=\"deck\">\n          SELECTIONS FORM THE TEXAS AFRICAN AMERICAN PHOTOGRAPHY ARCHIVE        <\/p>\n              <\/div>\n      <h4>\n        abril 18, 2026&ndash;septiembre 5, 2026      <\/h4>\n    <\/div>\n  <\/div>\n<\/div>\n        <\/div>\n      <\/div>\n                  <div class=\"cell\">\n        <div class=\"item\">\n                    <div class=\"exhibition-abstract\" data-post-url=\"https:\/\/artandpractice.org\/es\/exhibitions\/exhibition\/rahim-fortune-between-a-memory-and-me\/\">\n  <style type=\"text\/css\">\n    #item-3718 {\n      background-color: #5eadd4;\n      color: #000000;\n    }\n    #item-3718 .box {\n      background-color: #5eadd4;\n    }\n    #item-3718 {\n      border-color: #5eadd4;\n    }\n  <\/style>\n  <div class=\"item\" id=\"item-3718\">\n            <a href=\"https:\/\/artandpractice.org\/es\/exhibitions\/exhibition\/rahim-fortune-between-a-memory-and-me\/\" class=\"responsive-embed square background-contain\" style=\"background-image: url(https:\/\/artandpractice.org\/wp-content\/uploads\/2026\/03\/72_Queen-Coronation-Prairie-View-Texas-2023_58853_002_03_Fnl-1000x1250.jpg);\"><\/a>\n        <div class=\"box\" data-equalizer-watch>\n      <div class=\"top\">\n        <h2>RAHIM FORTUNE:<\/h2>\n                <p class=\"deck\">\n          BETWEEN A MEMORY AND ME        <\/p>\n              <\/div>\n      <h4>\n        abril 18, 2026&ndash;septiembre 5, 2026      <\/h4>\n    <\/div>\n  <\/div>\n<\/div>\n        <\/div>\n      <\/div>\n                  <div class=\"cell\">\n        <div class=\"item\">\n                    <div class=\"exhibition-abstract\" data-post-url=\"https:\/\/artandpractice.org\/es\/exhibitions\/exhibition\/giving-you-the-best-that-i-got\/\">\n  <style type=\"text\/css\">\n    #item-3537 {\n      background-color: #fce8e5;\n      color: #ce3645;\n    }\n    #item-3537 .box {\n      background-color: #fce8e5;\n    }\n    #item-3537 {\n      border-color: #fce8e5;\n    }\n  <\/style>\n  <div class=\"item\" id=\"item-3537\">\n            <a href=\"https:\/\/artandpractice.org\/es\/exhibitions\/exhibition\/giving-you-the-best-that-i-got\/\" class=\"responsive-embed square background-contain\" style=\"background-image: url(https:\/\/artandpractice.org\/wp-content\/uploads\/2025\/09\/KB_1968_SikoloBrathwaiteatAJASSStudios_AJASS_43_007_RAW-scaled.jpeg);\"><\/a>\n        <div class=\"box\" data-equalizer-watch>\n      <div class=\"top\">\n        <h2>Te doy lo mejor de m\u00ed.<\/h2>\n              <\/div>\n      <h4>\n        11 de octubre de 2025\u20137 de marzo de 2026      <\/h4>\n    <\/div>\n  <\/div>\n<\/div>\n        <\/div>\n      <\/div>\n                <\/div>\n      <\/div>\n<\/section>\n\n\n\n<section id=\"related-programming-block_e65e9e7232c084f8db0eb483f3be0f10\" class=\"block-related-programming bottom-margin-large\">\n  <div class=\"grid-container\">\n    <div class=\"grid-x grid-margin-x align-justify align-bottom grid-header\">\n      <div class=\"cell\">\n        <h2>Programaci\u00f3n relacionada<\/h2>\n      <\/div>\n    <\/div>\n            <div class=\"grid-x grid-margin-x small-up-1 medium-up-3\" data-equalizer data-equalize-on=\"medium\" data-equalize-by-row=\"true\">\n                <div class=\"cell\">\n                <div class=\"public-program-abstract\" data-equalizer-watch>\n  <div class=\"image-date-box\">\n            <div class=\"image-container\">\n      <a href=\"https:\/\/artandpractice.org\/es\/public-programs\/program\/childrens-holiday-workshop\/\" class=\"responsive-embed landscape image background-contain\" style=\"background-image: url(https:\/\/artandpractice.org\/wp-content\/uploads\/2025\/11\/011524_ArtandPractice_MLKDay2024_HallineOverby-57-1000x667.jpg);\"><\/a>\n    <\/div>\n        <div class=\"grid-x grid-margin-x\">\n      <div class=\"cell shrink\">\n        <div class=\"box\">\n          <span class=\"weekday\">Jue<\/span>\n          <span class=\"day\">1<\/span>\n          <span class=\"month\">ene<\/span>\n                  <\/div>\n      <\/div>\n      <div class=\"cell auto\">\n        <p class=\"deck\">\n          <a href=\"https:\/\/artandpractice.org\/es\/public-programs\/program\/childrens-holiday-workshop\/\">\n            TALLER DE VACACIONES PARA NI\u00d1OS          <\/a>\n        <\/p>\n        <h4>\n          6 de diciembre de 2025<br>\n          9:00 a. m. \u2013 11:00 a. m.        <\/h4>\n                              <\/div>\n    <\/div>\n  <\/div>\n<\/div>\n      <\/div>\n                  <div class=\"cell\">\n                <div class=\"public-program-abstract\" data-equalizer-watch>\n  <div class=\"image-date-box\">\n            <div class=\"image-container\">\n      <a href=\"https:\/\/artandpractice.org\/es\/public-programs\/program\/behind-the-page-live-evil-with-arthur-jafa-and-justen-leroy\/\" class=\"responsive-embed landscape image background-contain\" style=\"background-image: url(https:\/\/artandpractice.org\/wp-content\/uploads\/2025\/10\/Screenshot-2025-10-31-at-1.06.16-PM.png);\"><\/a>\n    <\/div>\n        <div class=\"grid-x grid-margin-x\">\n      <div class=\"cell shrink\">\n        <div class=\"box\">\n          <span class=\"weekday\">Jue<\/span>\n          <span class=\"day\">1<\/span>\n          <span class=\"month\">ene<\/span>\n                  <\/div>\n      <\/div>\n      <div class=\"cell auto\">\n        <p class=\"deck\">\n          <a href=\"https:\/\/artandpractice.org\/es\/public-programs\/program\/behind-the-page-live-evil-with-arthur-jafa-and-justen-leroy\/\">\n            DETR\u00c1S DE LA P\u00c1GINA: CONVERSACI\u00d3N CON ARTHUR JAFA Y JUSTEN LEROY          <\/a>\n        <\/p>\n        <h4>\n          28 de noviembre de 2025<br>\n          17:00 \u2013 19:00.        <\/h4>\n                              <\/div>\n    <\/div>\n  <\/div>\n<\/div>\n      <\/div>\n                  <div class=\"cell\">\n                <div class=\"public-program-abstract\" data-equalizer-watch>\n  <div class=\"image-date-box\">\n            <div class=\"image-container\">\n      <a href=\"https:\/\/artandpractice.org\/es\/public-programs\/program\/first-fridays-education-tour-december-2025\/\" class=\"responsive-embed landscape image background-contain\" style=\"background-image: url(https:\/\/artandpractice.org\/wp-content\/uploads\/2025\/11\/AP_GBIG_FirstFridays_November-17-1000x667.jpg);\"><\/a>\n    <\/div>\n        <div class=\"grid-x grid-margin-x\">\n      <div class=\"cell shrink\">\n        <div class=\"box\">\n          <span class=\"weekday\">Jue<\/span>\n          <span class=\"day\">1<\/span>\n          <span class=\"month\">ene<\/span>\n                  <\/div>\n      <\/div>\n      <div class=\"cell auto\">\n        <p class=\"deck\">\n          <a href=\"https:\/\/artandpractice.org\/es\/public-programs\/program\/first-fridays-education-tour-december-2025\/\">\n            GIRA EDUCATIVA DE LOS PRIMEROS VIERNES: DICIEMBRE DE 2025          <\/a>\n        <\/p>\n        <h4>\n          5 de diciembre de 2025<br>\n          3:00 pm \u2013 4:00 pm.        <\/h4>\n                              <\/div>\n    <\/div>\n  <\/div>\n<\/div>\n      <\/div>\n                <\/div>\n      <\/div>\n<\/section>\n\n\n\n\n<section id=\"faqs-block_d114a4f3f0b7be0a7f3a03b4d7371fdd\" class=\"block-faqs\">\n                    <div class=\"grid-container\">\n        <div class=\"grid-x grid-margin-x align-justify grid-green\">\n          <div class=\"cell medium-3\">\n            <h2>Preguntas frecuentes sobre exposiciones<\/h2>\n          <\/div>\n          <div class=\"cell medium-8\">\n            <ul class=\"accordion\" data-accordion data-multi-expand=\"true\" data-allow-all-closed=\"true\">\n                                        <li class=\"accordion-item\" data-accordion-item>\n                <a href=\"#\" class=\"accordion-title\">\u00bfHay alguna tarifa de admisi\u00f3n para visitar las exposiciones de A + P?<\/a>\n                <svg version=\"1.1\" class=\"minus\" xmlns=\"http:\/\/www.w3.org\/2000\/svg\" xmlns:xlink=\"http:\/\/www.w3.org\/1999\/xlink\" x=\"0px\" y=\"0px\" viewbox=\"0 0 33 6.31\" xml:space=\"preserve\">\n                  <path class=\"st0\" d=\"M33,6.31H0V0h33V6.31z\"\/>\n                <\/svg>\n                <svg version=\"1.1\" class=\"plus\" xmlns=\"http:\/\/www.w3.org\/2000\/svg\" xmlns:xlink=\"http:\/\/www.w3.org\/1999\/xlink\" x=\"0px\" y=\"0px\" viewbox=\"0 0 33 33\" style=\"enable-background:new 0 0 33 33;\" xml:space=\"preserve\">\n                  <path class=\"st0\" d=\"M33,19.66H19.66V33h-6.31V19.66H0v-6.31h13.34V0h6.31v13.34H33V19.66z\"\/>\n                <\/svg>\n                <div class=\"accordion-content\" data-tab-content>\n                  <p>No hay tarifa de admisi\u00f3n para visitar las exposiciones de A + P. Todos los programas de arte contempor\u00e1neo son gratuitos.<\/p>\n                <\/div>\n              <\/li>\n                            <li class=\"accordion-item\" data-accordion-item>\n                <a href=\"#\" class=\"accordion-title\">\u00bfC\u00f3mo se seleccionan los artistas y las exposiciones para el programa de exposiciones de A + P?<\/a>\n                <svg version=\"1.1\" class=\"minus\" xmlns=\"http:\/\/www.w3.org\/2000\/svg\" xmlns:xlink=\"http:\/\/www.w3.org\/1999\/xlink\" x=\"0px\" y=\"0px\" viewbox=\"0 0 33 6.31\" xml:space=\"preserve\">\n                  <path class=\"st0\" d=\"M33,6.31H0V0h33V6.31z\"\/>\n                <\/svg>\n                <svg version=\"1.1\" class=\"plus\" xmlns=\"http:\/\/www.w3.org\/2000\/svg\" xmlns:xlink=\"http:\/\/www.w3.org\/1999\/xlink\" x=\"0px\" y=\"0px\" viewbox=\"0 0 33 33\" style=\"enable-background:new 0 0 33 33;\" xml:space=\"preserve\">\n                  <path class=\"st0\" d=\"M33,19.66H19.66V33h-6.31V19.66H0v-6.31h13.34V0h6.31v13.34H33V19.66z\"\/>\n                <\/svg>\n                <div class=\"accordion-content\" data-tab-content>\n                  <p>Art + Practice colabora con instituciones del museo para organizar exposiciones en su campus. Los museos son los encargados de proponer, planificar y organizar las exposiciones con los artistas que selecciona la instituci\u00f3n. A + P es responsable de ayudar a coorganizar e instalar la exposici\u00f3n, pero no participa en la selecci\u00f3n de los artistas.<\/p>\n                <\/div>\n              <\/li>\n                            <li class=\"accordion-item\" data-accordion-item>\n                <a href=\"#\" class=\"accordion-title\">\u00bfPuedo ser voluntario para el programa de exposiciones de A + P?<\/a>\n                <svg version=\"1.1\" class=\"minus\" xmlns=\"http:\/\/www.w3.org\/2000\/svg\" xmlns:xlink=\"http:\/\/www.w3.org\/1999\/xlink\" x=\"0px\" y=\"0px\" viewbox=\"0 0 33 6.31\" xml:space=\"preserve\">\n                  <path class=\"st0\" d=\"M33,6.31H0V0h33V6.31z\"\/>\n                <\/svg>\n                <svg version=\"1.1\" class=\"plus\" xmlns=\"http:\/\/www.w3.org\/2000\/svg\" xmlns:xlink=\"http:\/\/www.w3.org\/1999\/xlink\" x=\"0px\" y=\"0px\" viewbox=\"0 0 33 33\" style=\"enable-background:new 0 0 33 33;\" xml:space=\"preserve\">\n                  <path class=\"st0\" d=\"M33,19.66H19.66V33h-6.31V19.66H0v-6.31h13.34V0h6.31v13.34H33V19.66z\"\/>\n                <\/svg>\n                <div class=\"accordion-content\" data-tab-content>\n                  <p>Art + Practice actualmente no acepta solicitudes para puestos de voluntariado dentro de nuestros programas de exposiciones.<\/p>\n                <\/div>\n              <\/li>\n                            <li class=\"accordion-item\" data-accordion-item>\n                <a href=\"#\" class=\"accordion-title\">\u00bfA + P revisa o acepta obras de arte o portafolios no solicitados?<\/a>\n                <svg version=\"1.1\" class=\"minus\" xmlns=\"http:\/\/www.w3.org\/2000\/svg\" xmlns:xlink=\"http:\/\/www.w3.org\/1999\/xlink\" x=\"0px\" y=\"0px\" viewbox=\"0 0 33 6.31\" xml:space=\"preserve\">\n                  <path class=\"st0\" d=\"M33,6.31H0V0h33V6.31z\"\/>\n                <\/svg>\n                <svg version=\"1.1\" class=\"plus\" xmlns=\"http:\/\/www.w3.org\/2000\/svg\" xmlns:xlink=\"http:\/\/www.w3.org\/1999\/xlink\" x=\"0px\" y=\"0px\" viewbox=\"0 0 33 33\" style=\"enable-background:new 0 0 33 33;\" xml:space=\"preserve\">\n                  <path class=\"st0\" d=\"M33,19.66H19.66V33h-6.31V19.66H0v-6.31h13.34V0h6.31v13.34H33V19.66z\"\/>\n                <\/svg>\n                <div class=\"accordion-content\" data-tab-content>\n                  <p>No. Art + Practice no revisa ni acepta obras de arte o portafolios no solicitados enviados por correo electr\u00f3nico, correo postal o en persona.<\/p>\n                <\/div>\n              <\/li>\n                          <\/ul>\n          <\/div>\n        <\/div>\n      <\/div>\n          <\/section>\n\n\n\n<p><\/p>","protected":false},"excerpt":{"rendered":"","protected":false},"author":1,"featured_media":0,"parent":0,"menu_order":0,"comment_status":"closed","ping_status":"closed","template":"","meta":{"_acf_changed":false,"footnotes":""},"class_list":["post-15","page","type-page","status-publish","hentry"],"acf":[],"_links":{"self":[{"href":"https:\/\/artandpractice.org\/es\/wp-json\/wp\/v2\/pages\/15","targetHints":{"allow":["GET"]}}],"collection":[{"href":"https:\/\/artandpractice.org\/es\/wp-json\/wp\/v2\/pages"}],"about":[{"href":"https:\/\/artandpractice.org\/es\/wp-json\/wp\/v2\/types\/page"}],"author":[{"embeddable":true,"href":"https:\/\/artandpractice.org\/es\/wp-json\/wp\/v2\/users\/1"}],"replies":[{"embeddable":true,"href":"https:\/\/artandpractice.org\/es\/wp-json\/wp\/v2\/comments?post=15"}],"version-history":[{"count":201,"href":"https:\/\/artandpractice.org\/es\/wp-json\/wp\/v2\/pages\/15\/revisions"}],"predecessor-version":[{"id":3734,"href":"https:\/\/artandpractice.org\/es\/wp-json\/wp\/v2\/pages\/15\/revisions\/3734"}],"wp:attachment":[{"href":"https:\/\/artandpractice.org\/es\/wp-json\/wp\/v2\/media?parent=15"}],"curies":[{"name":"wp","href":"https:\/\/api.w.org\/{rel}","templated":true}]}}