{"id":1512,"date":"2021-07-22T08:00:39","date_gmt":"2021-07-22T15:00:39","guid":{"rendered":"http:\/\/localhost.artandpractice\/?page_id=1512"},"modified":"2024-03-06T10:56:21","modified_gmt":"2024-03-06T18:56:21","slug":"safety-protocols","status":"publish","type":"page","link":"https:\/\/artandpractice.org\/es\/about\/safety-protocols\/","title":{"rendered":"Vis\u00edtanos"},"content":{"rendered":"<section id=\"text-block_8bc7fadcc289269ed6757b3ef2f517b3\" class=\"block-text bottom-margin-small\">\n  <div class=\"grid-container\">\n    <div class=\"grid-x grid-margin-x\">\n      <div class=\"cell medium-offset-1 medium-10\">\n        <p><span style=\"font-weight: 400\">Art + Practice est\u00e1 ubicado en el hist\u00f3rico Leimert Park Village, un vecindario de 1,19 millas cuadradas en el sur de Los \u00c1ngeles, fundado por Walter H. Leimert en 1927. The Village incluye una plaza central, un parque, calles arboladas, tiendas y restaurantes.<\/span><\/p>\n<p><span style=\"font-weight: 400\">Estacionamiento y transporte p\u00fablico en A+P: Hay estacionamiento con parqu\u00edmetro disponible en Degnan Boulevard y West 43rd Place. Se puede encontrar estacionamiento gratuito en la calle en la zona residencial vecina con una caminata de dos cuadras hasta A + P. Las l\u00edneas de autob\u00fas que paran cerca son 40, 102, 210, 705, 710 y 740. <\/span><span style=\"font-weight: 400\">A+P cuenta con el servicio de Metro Crenshaw\/LAX Line en el sistema de tren ligero. La estaci\u00f3n es Leimert Park.<\/span><\/p>\n      <\/div>\n    <\/div>\n  <\/div>\n<\/section>\n\n\n\n<section id=\"map-spaces-block_9e4cc7569f43b1dbd13aafc7cb6be7e4\" class=\"block-map-spaces bottom-margin-large\">\n  <div class=\"grid-container\">\n    <div class=\"grid-x grid-margin-x grid-spaces\">\n      <div class=\"cell medium-offset-1 medium-10\">\n        <p>\n                                <img decoding=\"async\" src=\"https:\/\/artandpractice.org\/wp-content\/uploads\/2021\/08\/map.png\" alt=\"Mapa que muestra marcadores\" \/>\n                  <\/p>\n        <div class=\"grid-x grid-margin-x grid-numbers\">\n                    <div class=\"cell medium-4\">\n            <div class=\"text\">\n              <p class=\"number-container\">\n                <span class=\"number\">1<\/span>\n              <\/p>\n              <p class=\"space-title\">Espacio de exibici\u00f3n<\/p>\n              <p class=\"address\">\n                <a href=\"https:\/\/www.google.com\/maps\/place\/Art+%2B+Practice+Exhibition+Space\/@34.0045237,-118.3317402,15z\/data=!4m2!3m1!1s0x0:0x8e21d1f649c81d0f?sa=X&#038;ved=2ahUKEwil1KKzyq7yAhXLu54KHdUFBCwQ_BIwG3oECFAQBQ\" target=\"blank\">\n                  3401 W.43 \u00b0 lugar<br \/>\r\nLos \u00c1ngeles, CA 90008                <\/a>\n                <br>\n                Martes a s\u00e1bado: 11:00 a. m. a 5:00 p. m.              <\/p>\n            <\/div>\n          <\/div>\n                              <div class=\"cell medium-4\">\n            <div class=\"text\">\n              <p class=\"number-container\">\n                <span class=\"number\">2<\/span>\n              <\/p>\n              <p class=\"space-title\">Espacio de Programas P\u00fablicos<\/p>\n              <p class=\"address\">\n                <a href=\"https:\/\/www.google.com\/maps\/place\/Art+%2B+Practice+Public+Program+Space\/@34.0049485,-118.3334244,17z\/data=!3m1!4b1!4m5!3m4!1s0x80c2b789d42b6b4f:0xc0606dcc71af4c34!8m2!3d34.0049442!4d-118.331295\" target=\"blank\">\n                  4334 Degnan Blvd<br \/>\r\nLos \u00c1ngeles, CA 90008                <\/a>\n                <br>\n                Abierto solo para programas programados              <\/p>\n            <\/div>\n          <\/div>\n                              <div class=\"cell medium-4\">\n            <div class=\"text\">\n              <p class=\"number-container\">\n                <span class=\"number\">3<\/span>\n              <\/p>\n              <p class=\"space-title\">Primer lugar para la juventud<\/p>\n              <p class=\"address\">\n                <a href=\"https:\/\/goo.gl\/maps\/h8LDjW3HfegFhJnv8\" target=\"blank\">\n                  4337 Leimert Blvd<br \/>\r\nLos \u00c1ngeles, CA 90008                <\/a>\n                <br>\n                              <\/p>\n            <\/div>\n          <\/div>\n          \n        <\/div>\n      <\/div>\n    <\/div>\n    <div class=\"grid-x grid-margin-x align-center\">\n      <div class=\"cell medium-9 large-8\">\n        <p style=\"text-align: center\"><span style=\"font-weight: 400\">La entrada a todas las exposiciones y programas es gratuita. A+P no revisa ni acepta obras de arte o portafolios no solicitados enviados por correo electr\u00f3nico, correo postal o en persona. A+P no alquila ninguna parte de su campus para eventos o programas.<\/span><\/p>\n      <\/div>\n    <\/div>\n  <\/div>\n<\/section>\n\n\n\n<section id=\"text-block_2e8eb8336541f75b301532f8ac89fe28\" class=\"block-text bottom-margin-small\">\n  <div class=\"grid-container\">\n    <div class=\"grid-x grid-margin-x\">\n      <div class=\"cell medium-offset-1 medium-10\">\n        <h2>Protocolos de seguridad<\/h2>\n<p>Su salud y seguridad son nuestras principales prioridades y, con esto en mente, estamos siguiendo cuidadosamente las pautas y regulaciones publicadas por los CDC, el estado de California, Los \u00c1ngeles, el Departamento de Salud y el Departamento de Trabajo.<\/p>\n<p>Nos complace darle la bienvenida nuevamente a Art + Practice y le pedimos que revise las siguientes pautas de seguridad antes de su visita:<\/p>\n      <\/div>\n    <\/div>\n  <\/div>\n<\/section>\n\n\n\n<style type=\"text\/css\">\n  #columns-icon-text-block_b43b5d5d6714d9c22e7d08710a129f5e {\n    \/* Add styles that use ACF values here *\/\n  }\n<\/style>\n\n<section id=\"columns-icon-text-block_b43b5d5d6714d9c22e7d08710a129f5e\" class=\"block-columns-icon-text bottom-margin-small\">\n  <div class=\"grid-container\">\n    <div class=\"grid-x grid-margin-x\">\n      <div class=\"cell medium-offset-1 medium-10\">\n        <div class=\"grid-x grid-margin-x small-up-1 medium-up-2 large-up-3\">\n                            <div class=\"cell\">\n                                      <img decoding=\"async\" src=\"https:\/\/artandpractice.org\/wp-content\/uploads\/2021\/09\/AP_Icons_FIN-02.png\" alt=\"\" \/>\n                        <div class=\"text\">\n              <h3>\u00bfSe siente enfermo?<\/h3>\n<p>Qu\u00e9dese en casa si se siente mal. En su visita, reconoce que usted y su grupo no han experimentado en las \u00faltimas dos semanas nuevos s\u00edntomas de COVID-19; recibi\u00f3 un resultado positivo de la prueba COVID-19; o ha estado en contacto cercano con COVID-19 o s\u00edntomas relacionados. Para obtener m\u00e1s informaci\u00f3n sobre COVID-19, consulte el sitio web de los CDC.<\/p>\n            <\/div>\n          <\/div>\n                    <div class=\"cell\">\n                                      <img decoding=\"async\" src=\"https:\/\/artandpractice.org\/wp-content\/uploads\/2021\/09\/AP_Icons_FIN-01.png\" alt=\"\" \/>\n                        <div class=\"text\">\n              <h3>Lavarse las manos<\/h3>\n<p>L\u00e1vese las manos con agua y jab\u00f3n o use un desinfectante para manos despu\u00e9s del contacto con superficies que se tocan con frecuencia.<\/p>\n            <\/div>\n          <\/div>\n                    <div class=\"cell\">\n                                      <img decoding=\"async\" src=\"https:\/\/artandpractice.org\/wp-content\/uploads\/2021\/09\/AP_Icons_FIN-03.png\" alt=\"\" \/>\n                        <div class=\"text\">\n              <h3>Limpieza<\/h3>\n<p>Art + Practice limpia y desinfecta regularmente todas las \u00e1reas comunes. Los art\u00edculos de uso compartido se limpian despu\u00e9s de cada uso. Los dispensadores de desinfectante de manos est\u00e1n disponibles en varias \u00e1reas del Espacio de Exhibici\u00f3n para visitantes y personal.<\/p>\n            <\/div>\n          <\/div>\n                        <\/div>\n    <\/div>\n  <\/div>\n<\/section>","protected":false},"excerpt":{"rendered":"","protected":false},"author":1,"featured_media":0,"parent":9,"menu_order":1,"comment_status":"closed","ping_status":"closed","template":"","meta":{"_acf_changed":false,"footnotes":""},"class_list":["post-1512","page","type-page","status-publish","hentry"],"acf":[],"_links":{"self":[{"href":"https:\/\/artandpractice.org\/es\/wp-json\/wp\/v2\/pages\/1512","targetHints":{"allow":["GET"]}}],"collection":[{"href":"https:\/\/artandpractice.org\/es\/wp-json\/wp\/v2\/pages"}],"about":[{"href":"https:\/\/artandpractice.org\/es\/wp-json\/wp\/v2\/types\/page"}],"author":[{"embeddable":true,"href":"https:\/\/artandpractice.org\/es\/wp-json\/wp\/v2\/users\/1"}],"replies":[{"embeddable":true,"href":"https:\/\/artandpractice.org\/es\/wp-json\/wp\/v2\/comments?post=1512"}],"version-history":[{"count":25,"href":"https:\/\/artandpractice.org\/es\/wp-json\/wp\/v2\/pages\/1512\/revisions"}],"predecessor-version":[{"id":3039,"href":"https:\/\/artandpractice.org\/es\/wp-json\/wp\/v2\/pages\/1512\/revisions\/3039"}],"up":[{"embeddable":true,"href":"https:\/\/artandpractice.org\/es\/wp-json\/wp\/v2\/pages\/9"}],"wp:attachment":[{"href":"https:\/\/artandpractice.org\/es\/wp-json\/wp\/v2\/media?parent=1512"}],"curies":[{"name":"wp","href":"https:\/\/api.w.org\/{rel}","templated":true}]}}