{"id":1763,"date":"2021-08-11T08:19:13","date_gmt":"2021-08-11T15:19:13","guid":{"rendered":"http:\/\/localhost.artandpractice\/?page_id=1763"},"modified":"2021-09-10T13:43:38","modified_gmt":"2021-09-10T20:43:38","slug":"privacy-policy","status":"publish","type":"page","link":"https:\/\/artandpractice.org\/es\/terms-and-conditions\/privacy-policy\/","title":{"rendered":"Pol\u00edtica de privacidad"},"content":{"rendered":"<section id=\"large-text-block_6113f7fa281fb\" class=\"block-large-text bottom-margin-large\">\n  <div class=\"grid-container\">\n    <div class=\"grid-x grid-margin-x\">\n      <div class=\"cell medium-offset-1 medium-10\">\n        <p>Su privacidad es importante para nosotros. La siguiente pol\u00edtica de privacidad describe los tipos de informaci\u00f3n que Art + Practice (&quot;A + P&quot;, &quot;nosotros&quot;, &quot;nuestro&quot; o &quot;nos&quot;) recopila cuando visita nuestro sitio web (www.artandpractice.org, el &quot;Sitio&quot; ), as\u00ed como la informaci\u00f3n que nos proporciona en persona o por correo, y las medidas que tomamos para salvaguardarla. A + P se encuentra en 3401 W. 43 rd Place, Los \u00c1ngeles, CA 90008, y es responsable del contenido del Sitio, as\u00ed como de la recopilaci\u00f3n y gesti\u00f3n de la informaci\u00f3n del usuario.<\/p>\n<p>Esta Pol\u00edtica se actualiz\u00f3 por \u00faltima vez el 11 de julio de 2018.<\/p>\n                                <\/div>\n    <\/div>\n  <\/div>\n<\/section>\n\n\n\n<style type=\"text\/css\">\n  #number-title-description-block_6113f80c281fc {\n    \/* Add styles that use ACF values here *\/\n  }\n<\/style>\n\n<section id=\"number-title-description-block_6113f80c281fc\" class=\"block-number-title-description\">\n  <div class=\"grid-container\">\n    <div class=\"grid-x grid-margin-x\">\n      <div class=\"cell medium-offset-1 medium-3 large-2\">\n        <p class=\"number-title\">\n          <span class=\"number\">1.<\/span>\n          <span class=\"title\">Controlador de datos<\/span>\n        <\/p>\n      <\/div>\n      <div class=\"cell medium-7 large-8\">\n        <div class=\"text\">\n          <p>Un &quot;controlador&quot; es la entidad legal que, sola o conjuntamente con otros, determina los prop\u00f3sitos y medios del procesamiento de datos personales. A + P es el controlador de datos de todos los datos descritos en esta pol\u00edtica.<\/p>\n        <\/div>\n      <\/div>\n    <\/div>\n  <\/div>\n<\/section>\n\n\n\n<style type=\"text\/css\">\n  #number-title-description-block_6113f81f281fd {\n    \/* Add styles that use ACF values here *\/\n  }\n<\/style>\n\n<section id=\"number-title-description-block_6113f81f281fd\" class=\"block-number-title-description\">\n  <div class=\"grid-container\">\n    <div class=\"grid-x grid-margin-x\">\n      <div class=\"cell medium-offset-1 medium-3 large-2\">\n        <p class=\"number-title\">\n          <span class=\"number\">2.<\/span>\n          <span class=\"title\">Recopilaci\u00f3n, uso, acceso y retenci\u00f3n de informaci\u00f3n<\/span>\n        <\/p>\n      <\/div>\n      <div class=\"cell medium-7 large-8\">\n        <div class=\"text\">\n          <h4>Colecci\u00f3n<\/h4>\n<p>Recopilamos informaci\u00f3n de varias formas a trav\u00e9s de nuestro Sitio. Cuando utiliza nuestro Sitio, recopilamos informaci\u00f3n personal sobre usted que usted decide proporcionarnos afirmativamente. Por ejemplo, cuando dona, debe proporcionar su nombre, apellido, direcci\u00f3n de correo electr\u00f3nico, direcci\u00f3n postal e informaci\u00f3n de pago. Tambi\u00e9n puede proporcionar su n\u00famero de tel\u00e9fono y \/ o el nombre de la persona a la que su donaci\u00f3n es en honor o en memoria. Tambi\u00e9n recopilamos informaci\u00f3n personal de otras formas, como cuando se registra en nuestra lista de correo electr\u00f3nico (en l\u00ednea o en persona), se comunica con nosotros por correo electr\u00f3nico o correo tradicional y \/ o se comunica con nosotros por tel\u00e9fono.<\/p>\n<p>Para ayudarnos a brindarle un mejor servicio, recopilamos informaci\u00f3n que identifica la computadora o el navegador utilizado para acceder a nuestro Sitio, as\u00ed como la cuenta de usuario asociada con esa computadora \/ navegador si ha iniciado sesi\u00f3n. Las cookies son piezas de informaci\u00f3n colocadas en la configuraci\u00f3n de su navegador web por un servidor de sitio web para identificar su computadora cuando regrese a un sitio web. Siempre que un sitio le da la bienvenida y adapta los datos a sus especificaciones, lee una cookie que se deja en su navegador e identifica informaci\u00f3n que puede haber registrado durante visitas anteriores, como sus preferencias de visualizaci\u00f3n. El uso de cookies es una pr\u00e1ctica est\u00e1ndar entre los sitios web de Internet y la mayor\u00eda de los navegadores web de Internet pueden personalizarse para rechazar cookies, aceptar o rechazar cookies \u00fanicamente mediante la intervenci\u00f3n del usuario o eliminar cookies. Tenga en cuenta que es posible que algunas funciones del sitio web no funcionen correctamente si se bloquean todas las cookies. Excepto como se indica a continuaci\u00f3n, las cookies colocadas por nuestro sitio no recopilan ninguna informaci\u00f3n personal y son esenciales para la provisi\u00f3n de un sitio web y \/ o aplicaci\u00f3n funcional, que tenemos un inter\u00e9s leg\u00edtimo en proporcionar (estas se conocen como &quot;cookies necesarias&quot; y incluyen cookies que impulsan su navegaci\u00f3n en uno de nuestro Sitio). Una vez que abandona nuestro sitio, estas cookies necesarias ya no se utilizan.<\/p>\n<p>Cuando interact\u00faa con nuestro Sitio, tambi\u00e9n recopilamos informaci\u00f3n de identificaci\u00f3n no personal limitada que el navegador que utiliz\u00f3 pone a disposici\u00f3n autom\u00e1ticamente. Esta informaci\u00f3n incluye la direcci\u00f3n de Internet de la computadora o red que us\u00f3 para acceder a nuestro sitio, la fecha, la hora y las p\u00e1ginas que visit\u00f3 en nuestro sitio, el navegador y el sistema operativo que utiliz\u00f3, y la p\u00e1gina de referencia (la p\u00e1gina web que conten\u00eda el enlace a nuestro sitio en el que hizo clic para llegar all\u00ed).<\/p>\n<p>&nbsp;<\/p>\n<h4>Pagos<\/h4>\n<p>Cuando realice una donaci\u00f3n, recopilaremos su informaci\u00f3n de pago. Usamos stripe.com para recopilar y procesar su informaci\u00f3n de pago. No tenemos la informaci\u00f3n de su tarjeta de cr\u00e9dito y usamos stripe.com porque la seguridad de la informaci\u00f3n de su tarjeta de cr\u00e9dito es importante para nosotros, y stripe.com se especializa en la captura y procesamiento seguro en l\u00ednea de transacciones con tarjetas de cr\u00e9dito y d\u00e9bito. Al igual que con todos nuestros proveedores externos, tenemos acuerdos con stripe.com que garantizan que el proveedor cumpla con los t\u00e9rminos de esta pol\u00edtica.<\/p>\n<p>&nbsp;<\/p>\n<h4>Usar<\/h4>\n<p>Tenemos un inter\u00e9s comercial leg\u00edtimo en garantizar que nuestro Sitio funcione de manera correcta y eficiente. Con ese fin, utilizamos la informaci\u00f3n y los datos no personales agregados de todos los usuarios de nuestro Sitio para medir el rendimiento del servidor, analizar los patrones de tr\u00e1fico de los usuarios y mejorar el contenido de nuestro Sitio. A veces hacemos un seguimiento de las palabras clave que se ingresan en nuestros motores de b\u00fasqueda para medir el inter\u00e9s en temas espec\u00edficos y mejorar la experiencia del consumidor en el sitio.<\/p>\n<p>Tenemos un inter\u00e9s comercial leg\u00edtimo en comunicarnos con usted acerca de sus donaciones y suscripciones, y usaremos su informaci\u00f3n personal para enviarle correos electr\u00f3nicos no comerciales importantes, como avisos administrativos relacionados con sus donaciones.<\/p>\n<p>Con su consentimiento, utilizaremos su direcci\u00f3n de correo electr\u00f3nico y \/ u otra informaci\u00f3n personal para brindarle informaci\u00f3n que creemos que le interesar\u00e1, por ejemplo, para enviarle boletines informativos sobre servicios, eventos y otra informaci\u00f3n y avisos que creemos. puede resultarle interesante o \u00fatil. Incluso despu\u00e9s de que haya aceptado recibir dichos mensajes, puede informarnos en cualquier momento si prefiere no recibir parte o toda esta informaci\u00f3n, ya sea directamente oa trav\u00e9s de nuestro Sitio, siguiendo las instrucciones para cancelar la suscripci\u00f3n en cualquier correo electr\u00f3nico que reciba de nosotros. , o enviando un correo electr\u00f3nico a office@artandpractice.org que contiene la direcci\u00f3n de correo electr\u00f3nico que desea que cancelemos la suscripci\u00f3n de nuestras listas. Como se se\u00f1al\u00f3 anteriormente, incluso si opta por no recibir mensajes de marketing, a\u00fan le enviaremos mensajes no comerciales importantes siempre que mantenga sus donaciones y \/ o suscripciones, o haya mantenido una cuenta electr\u00f3nica con nosotros. Si desea eliminar su cuenta por completo, puede hacerlo solicitando que cerremos su cuenta como se describe en la secci\u00f3n Retenci\u00f3n de esta Pol\u00edtica de privacidad.<\/p>\n<p>Con su consentimiento, podemos compartir su informaci\u00f3n con socios y afiliados clave, cuyos servicios creemos que son de su inter\u00e9s. Tenemos relaciones contractuales con todos esos socios y afiliados que les exigen que protejan su informaci\u00f3n y le permiten optar por no recibir m\u00e1s informaci\u00f3n de ellos. Una vez que haya brindado su consentimiento para que compartamos su informaci\u00f3n, y esos terceros se comuniquen con usted directamente, el uso que hagan de sus datos se rige por sus propias pol\u00edticas de privacidad y no est\u00e1 controlado por A + P. Puede revocar su consentimiento para recibir parte o toda esta informaci\u00f3n siguiendo las instrucciones para cancelar la suscripci\u00f3n en un correo electr\u00f3nico que reciba de uno de nuestros socios (esto solo lo cancelar\u00e1 para que no reciba m\u00e1s mensajes de marketing de ese socio), o siguiendo cualquier otra instrucci\u00f3n estos socios pueden proporcionarle. Si desea revocar su consentimiento para que A + P comparta su informaci\u00f3n con sus socios, puede hacerlo enviando un correo electr\u00f3nico a office@artandpractice.org que contenga la direcci\u00f3n de correo electr\u00f3nico que desea revocar el consentimiento para compartir con terceros. .<\/p>\n<p>Tambi\u00e9n tenemos un inter\u00e9s comercial leg\u00edtimo en cumplir con nuestras obligaciones legales. Con ese fin, podemos divulgar informaci\u00f3n personal si creemos de buena fe que: la ley o el proceso legal lo requiere; hemos recibido una solicitud administrativa v\u00e1lida de una agencia de aplicaci\u00f3n de la ley; o dicha divulgaci\u00f3n es necesaria para proteger nuestros derechos, propiedad o seguridad, o la de nuestros respectivos afiliados, socios comerciales, clientes u otros. Debido a que la ley establece que debemos retener y mantener registros relacionados con los donantes, tambi\u00e9n estamos obligados por la ley a mantener cierta informaci\u00f3n suya y divulgarla cuando se solicite o cite a entidades gubernamentales, como el Servicio de Impuestos Internos.<\/p>\n<p>A + P utiliza a terceros para procesar sus datos personales cuando tienen un prop\u00f3sito comercial leg\u00edtimo (como stripe.com para el procesamiento de pagos). Nuestros contratos con estos procesadores externos requieren que cumplan con los t\u00e9rminos y la intenci\u00f3n de esta pol\u00edtica de privacidad, y que hagan todos los esfuerzos comercialmente razonables para salvaguardar su informaci\u00f3n.<\/p>\n<p>&nbsp;<\/p>\n<h4>Acceso<\/h4>\n<p>De conformidad con su solicitud razonable, le proporcionaremos a usted oa un tercero que especifique una lista de toda su informaci\u00f3n personal que A + P ha recopilado. Del mismo modo, si lo solicita, realizaremos correcciones en nuestros registros de sus datos personales.<\/p>\n<p>&nbsp;<\/p>\n<h4>Retencion<\/h4>\n<p>Como se describi\u00f3 anteriormente, algunos de los servicios en l\u00ednea disponibles a trav\u00e9s de nuestro Sitio le permiten proporcionar informaci\u00f3n personal. Toda la informaci\u00f3n personal que recopilamos se almacena y procesa en los Estados Unidos.<\/p>\n<p>Retendremos su informaci\u00f3n personal mientras tenga una relaci\u00f3n activa con A + P, incluso si se ha suscrito a un bolet\u00edn informativo o si ha optado por recibir nuestro contenido de recaudaci\u00f3n de fondos, ha realizado una donaci\u00f3n o nos ha solicitado que nosotros , o nuestros procesadores de datos, est\u00e1n cumpliendo. Conservaremos su informaci\u00f3n y durante 30 d\u00edas despu\u00e9s de que finalice esa relaci\u00f3n (a menos que solicite que eliminemos su informaci\u00f3n antes de la expiraci\u00f3n de ese per\u00edodo). Si A + P determina que ya no requiere su informaci\u00f3n para los fines establecidos anteriormente, eliminar\u00e1 su informaci\u00f3n de acuerdo con sus pol\u00edticas de retenci\u00f3n.<\/p>\n<p>Si desea que eliminemos toda su informaci\u00f3n personal y \/ o eliminemos su nombre y direcci\u00f3n de las listas promocionales (incluida cualquier informaci\u00f3n personal recopilada por nuestros proveedores de servicios) y coloquemos su nombre en nuestra lista de &quot;no contactar&quot;, comun\u00edquese con nuestros Datos Equipo de privacidad en office@artandpractice.org y solicite que lo incluyan en nuestra lista de &quot;no contactar&quot;. Tenga en cuenta que debido a que los nombres pueden ser similares, debe incluir en su solicitud todas las direcciones de correo electr\u00f3nico asociadas y los n\u00fameros de tel\u00e9fono (si los hubiera) que desea eliminar en el cuerpo del correo electr\u00f3nico. Nos reservamos el derecho de comunicarnos con usted con fines administrativos para solicitar m\u00e1s informaci\u00f3n con el fin de ayudarnos a eliminar su contenido. Haremos todos los esfuerzos comercialmente razonables para eliminar su informaci\u00f3n dentro de los treinta (30) d\u00edas de nuestros archivos activos, siempre que, sin embargo, podamos retener, solo para fines de cumplimiento legal, su solicitud y el correo electr\u00f3nico asociado en un formato hash para que no lo hagamos inadvertidamente restaurar su informaci\u00f3n a nuestra base de datos. Tenga en cuenta que las solicitudes para actualizar su informaci\u00f3n personal pueden demorar hasta cinco (5) d\u00edas. Tambi\u00e9n puede solicitar que dejemos de procesar su informaci\u00f3n sin eliminarla, y cumpliremos dentro de los diez (10) d\u00edas posteriores a la recepci\u00f3n de dicha solicitud.<\/p>\n<p>No obstante lo anterior, A + P retendr\u00e1 su informaci\u00f3n indefinidamente si cree de buena fe que tiene la obligaci\u00f3n legal de hacerlo, incluso para fines fiscales, pero solo utilizar\u00e1 esa informaci\u00f3n para el prop\u00f3sito espec\u00edfico necesario para el cual fue retenida.<\/p>\n<p>&nbsp;<\/p>\n<h4>Se\u00f1al de no seguimiento<\/h4>\n<p>Algunos navegadores web utilizan la se\u00f1al Do-Not-Track (&quot;DNT&quot;) para solicitar autom\u00e1ticamente que una aplicaci\u00f3n web desactive el seguimiento del sitio. Debido a que el DNT a menudo no refleja las preferencias reales de un consumidor individual, nuestro sitio web no responde al DNT. En cambio, y para permitirle personalizar su experiencia con nuestro Sitio, puede optar por no recibir mensajes de marketing y \/ o colocar ciertas cookies en su navegador, como se discuti\u00f3 anteriormente en esta Pol\u00edtica.<\/p>\n<p>&nbsp;<\/p>\n<h4>Acceso para ni\u00f1os<\/h4>\n<p>El Sitio es un sitio web para una audiencia general, destinado al uso de adultos. No comercializamos ni recopilamos a sabiendas ninguna informaci\u00f3n de identificaci\u00f3n personal de ni\u00f1os menores de diecis\u00e9is (16) a\u00f1os. Los ni\u00f1os siempre deben obtener el permiso de sus padres antes de enviar cualquier informaci\u00f3n personal sobre ellos mismos (como sus nombres, direcciones de correo electr\u00f3nico y n\u00fameros de tel\u00e9fono) a trav\u00e9s de Internet, a nosotros oa cualquier otra persona. Lo alentamos a que se involucre en la experiencia en l\u00ednea de sus hijos y a que comparta su conocimiento y experiencia con sus peque\u00f1os. Si es menor de 16 a\u00f1os, no se registre en ninguno de nuestros servicios ni nos proporcione ninguna informaci\u00f3n de identificaci\u00f3n personal (como su nombre, direcci\u00f3n de correo electr\u00f3nico o n\u00famero de tel\u00e9fono). Comun\u00edquese con nuestro departamento de servicio al cliente si tiene conocimiento de cualquier informaci\u00f3n personal proporcionada al Sitio por un ni\u00f1o menor de diecis\u00e9is (16) a\u00f1os.<\/p>\n        <\/div>\n      <\/div>\n    <\/div>\n  <\/div>\n<\/section>\n\n\n\n<style type=\"text\/css\">\n  #number-title-description-block_613bc33e43547 {\n    \/* Add styles that use ACF values here *\/\n  }\n<\/style>\n\n<section id=\"number-title-description-block_613bc33e43547\" class=\"block-number-title-description\">\n  <div class=\"grid-container\">\n    <div class=\"grid-x grid-margin-x\">\n      <div class=\"cell medium-offset-1 medium-3 large-2\">\n        <p class=\"number-title\">\n          <span class=\"number\">3.<\/span>\n          <span class=\"title\">Enlaces<\/span>\n        <\/p>\n      <\/div>\n      <div class=\"cell medium-7 large-8\">\n        <div class=\"text\">\n          <p>Nuestro sitio web puede contener enlaces a otros sitios, incluidos los de nuestros colaboradores comerciales. Esos sitios pueden tener sus propias pol\u00edticas de privacidad o ninguna pol\u00edtica de privacidad. A + P no es responsable de las pr\u00e1cticas de privacidad empleadas por otros sitios y esos otros sitios no han aceptado nuestra pol\u00edtica de privacidad. El A + P no tiene control ni responsabilidad por los sitios de terceros no afiliados o el contenido que contienen, y proporcionamos estos enlaces \u00fanicamente para la conveniencia de nuestros visitantes. No patrocinamos, respaldamos ni recomendamos de ning\u00fan otro modo dichos sitios ni ning\u00fan producto o servicio que puedan ofrecer. En resumen, una vez que abandona nuestro Sitio, ya no somos responsables de las pr\u00e1cticas de recopilaci\u00f3n de las empresas que operan esos sitios.<\/p>\n        <\/div>\n      <\/div>\n    <\/div>\n  <\/div>\n<\/section>\n\n\n\n<style type=\"text\/css\">\n  #number-title-description-block_613bc34a43548 {\n    \/* Add styles that use ACF values here *\/\n  }\n<\/style>\n\n<section id=\"number-title-description-block_613bc34a43548\" class=\"block-number-title-description\">\n  <div class=\"grid-container\">\n    <div class=\"grid-x grid-margin-x\">\n      <div class=\"cell medium-offset-1 medium-3 large-2\">\n        <p class=\"number-title\">\n          <span class=\"number\">4.<\/span>\n          <span class=\"title\">Seguridad del sitio<\/span>\n        <\/p>\n      <\/div>\n      <div class=\"cell medium-7 large-8\">\n        <div class=\"text\">\n          <p>Tomamos medidas de seguridad razonables y apropiadas para proteger el acceso no autorizado, la alteraci\u00f3n o la destrucci\u00f3n de los datos ubicados y recopilados por nuestro Sitio. Ejercemos un cuidado razonable para proteger su informaci\u00f3n personal no p\u00fablica. Desafortunadamente, no se puede garantizar que ninguna transmisi\u00f3n de datos a trav\u00e9s de Internet sea 100% segura. Si bien nos esforzamos por proteger su informaci\u00f3n personal no p\u00fablica, no podemos garantizar la seguridad de cualquier informaci\u00f3n que nos transmita o reciba de nosotros mientras est\u00e1 en tr\u00e1nsito. Una vez que recibimos su informaci\u00f3n personal, mantenemos medidas de seguridad f\u00edsicas, electr\u00f3nicas y de procedimiento para protegerla. Si ocurre una filtraci\u00f3n de datos, le notificaremos a usted y a la autoridad apropiada del EEE (si es necesario) dentro de las setenta y dos (72) horas (si es razonablemente factible).<\/p>\n        <\/div>\n      <\/div>\n    <\/div>\n  <\/div>\n<\/section>\n\n\n\n<style type=\"text\/css\">\n  #number-title-description-block_613bc35e43549 {\n    \/* Add styles that use ACF values here *\/\n  }\n<\/style>\n\n<section id=\"number-title-description-block_613bc35e43549\" class=\"block-number-title-description\">\n  <div class=\"grid-container\">\n    <div class=\"grid-x grid-margin-x\">\n      <div class=\"cell medium-offset-1 medium-3 large-2\">\n        <p class=\"number-title\">\n          <span class=\"number\">5.<\/span>\n          <span class=\"title\">Cambios en la pol\u00edtica<\/span>\n        <\/p>\n      <\/div>\n      <div class=\"cell medium-7 large-8\">\n        <div class=\"text\">\n          <p>Nos reservamos el derecho, a nuestro exclusivo criterio, de cambiar, modificar, agregar o eliminar cualquier parte de esta Pol\u00edtica de privacidad, en su totalidad o en parte, en cualquier momento. La modificaci\u00f3n de los cambios en el Acuerdo se difundir\u00e1 a trav\u00e9s de nuestro Sitio, incluida la publicaci\u00f3n en nuestro sitio web en http:\/\/www.artandpractice.org\/privacypolicy\/. Al utilizar el Sitio, usted acepta estar sujeto a dichas revisiones y, por lo tanto, debe visitar peri\u00f3dicamente la p\u00e1gina para determinar los t\u00e9rminos de uso vigentes en ese momento a los que est\u00e1 obligado.<\/p>\n        <\/div>\n      <\/div>\n    <\/div>\n  <\/div>\n<\/section>\n\n\n\n<style type=\"text\/css\">\n  #number-title-description-block_613bc3714354a {\n    \/* Add styles that use ACF values here *\/\n  }\n<\/style>\n\n<section id=\"number-title-description-block_613bc3714354a\" class=\"block-number-title-description\">\n  <div class=\"grid-container\">\n    <div class=\"grid-x grid-margin-x\">\n      <div class=\"cell medium-offset-1 medium-3 large-2\">\n        <p class=\"number-title\">\n          <span class=\"number\">6.<\/span>\n          <span class=\"title\">Cont\u00e1ctenos<\/span>\n        <\/p>\n      <\/div>\n      <div class=\"cell medium-7 large-8\">\n        <div class=\"text\">\n          <p>Si tiene otras preguntas o inquietudes sobre nuestra pol\u00edtica de privacidad, comun\u00edquese con nuestra oficina por tel\u00e9fono al (323) 337-6887, de lunes a viernes, de 8:30 a. M. A 5:00 p. M., Hora del Pac\u00edfico, por correo electr\u00f3nico a office@artandpractice.org, o por correo regular a: Art + Practice, 3401 W. 43rd Place, Los \u00c1ngeles, CA 90008.<\/p>\n        <\/div>\n      <\/div>\n    <\/div>\n  <\/div>\n<\/section>","protected":false},"excerpt":{"rendered":"","protected":false},"author":1,"featured_media":0,"parent":165,"menu_order":0,"comment_status":"closed","ping_status":"closed","template":"","meta":{"_acf_changed":false,"footnotes":""},"class_list":["post-1763","page","type-page","status-publish","hentry"],"acf":[],"_links":{"self":[{"href":"https:\/\/artandpractice.org\/es\/wp-json\/wp\/v2\/pages\/1763","targetHints":{"allow":["GET"]}}],"collection":[{"href":"https:\/\/artandpractice.org\/es\/wp-json\/wp\/v2\/pages"}],"about":[{"href":"https:\/\/artandpractice.org\/es\/wp-json\/wp\/v2\/types\/page"}],"author":[{"embeddable":true,"href":"https:\/\/artandpractice.org\/es\/wp-json\/wp\/v2\/users\/1"}],"replies":[{"embeddable":true,"href":"https:\/\/artandpractice.org\/es\/wp-json\/wp\/v2\/comments?post=1763"}],"version-history":[{"count":7,"href":"https:\/\/artandpractice.org\/es\/wp-json\/wp\/v2\/pages\/1763\/revisions"}],"predecessor-version":[{"id":2205,"href":"https:\/\/artandpractice.org\/es\/wp-json\/wp\/v2\/pages\/1763\/revisions\/2205"}],"up":[{"embeddable":true,"href":"https:\/\/artandpractice.org\/es\/wp-json\/wp\/v2\/pages\/165"}],"wp:attachment":[{"href":"https:\/\/artandpractice.org\/es\/wp-json\/wp\/v2\/media?parent=1763"}],"curies":[{"name":"wp","href":"https:\/\/api.w.org\/{rel}","templated":true}]}}