{"id":2587,"date":"2022-10-19T19:52:16","date_gmt":"2022-10-20T02:52:16","guid":{"rendered":"https:\/\/artandpractice.org\/?page_id=2587"},"modified":"2024-05-10T13:23:26","modified_gmt":"2024-05-10T20:23:26","slug":"education","status":"publish","type":"page","link":"https:\/\/artandpractice.org\/es\/education\/","title":{"rendered":"Programa educativo"},"content":{"rendered":"<section id=\"image-caption-block_1f1ada9b55017501ce8803a617a380a3\" class=\"block-image-caption bottom-margin-small\">\n  <div class=\"grid-container\">\n    <div class=\"grid-x grid-margin-x\">\n      <div class=\"cell medium-offset-1 medium-10\">\n                          <p><img decoding=\"async\" src=\"https:\/\/artandpractice.org\/wp-content\/uploads\/2022\/11\/IMG_2690-scaled-1.jpeg\" alt=\"\" \/><\/p>\n                      <\/div>\n    <\/div>\n  <\/div>\n<\/section>\n\n\n\n<section id=\"text-block_e26365015b03c77309c77d8fc7b42b6a\" class=\"block-text bottom-margin-medium\">\n  <div class=\"grid-container\">\n    <div class=\"grid-x grid-margin-x\">\n      <div class=\"cell medium-offset-1 medium-10\">\n        <h2>Ampliando nuestra misi\u00f3n <br class=\"hide-for-small-only\" \/>en Apoyo a la Educaci\u00f3n<\/h2>\n<p>Cuando nuestros fundadores establecieron Art + Practice en 2014, su intenci\u00f3n era establecer una peque\u00f1a organizaci\u00f3n art\u00edstica sin fines de lucro en Leimert Park que sirviera a una amplia gama de comunidades y necesidades con la educaci\u00f3n como eje central de nuestro trabajo. Nuestros fundadores imaginaron a A+P como un espacio que albergar\u00eda exhibiciones con calidad de museo y programaci\u00f3n p\u00fablica mientras apoyaba las necesidades de vivienda, educaci\u00f3n y empleo de los j\u00f3venes de crianza temporal en edad de transici\u00f3n que viven en el sur de Los \u00c1ngeles. En su plan, el campus de A+P ser\u00eda un contenedor en el que los colaboradores, como el Museo Afroamericano de California y First Place for Youth, podr\u00edan albergar sus programas e iniciativas, y A+P ayudar\u00eda a sostener sus programas administrativamente.<\/p>\n<p>Ahora que nos acercamos a nuestro d\u00e9cimo aniversario, estamos ampliando nuestra misi\u00f3n de apoyo a la educaci\u00f3n a trav\u00e9s de una colaboraci\u00f3n de dos a\u00f1os (2022-2024) con Nest Global, una organizaci\u00f3n sin fines de lucro. Al igual que Nest Global, creemos que el acceso a una educaci\u00f3n de calidad es un derecho humano. El modelo educativo de Nest Global reconoce que el \u00e9xito de ese trabajo comienza con los docentes.<\/p>\n      <\/div>\n    <\/div>\n  <\/div>\n<\/section>\n\n\n\n<section id=\"image-caption-block_5bf97b28d4d0c545df5cf5344955aeb9\" class=\"block-image-caption bottom-margin-small\">\n  <div class=\"grid-container\">\n    <div class=\"grid-x grid-margin-x\">\n      <div class=\"cell medium-offset-1 medium-10\">\n                          <p><img decoding=\"async\" src=\"https:\/\/artandpractice.org\/wp-content\/uploads\/2022\/11\/IMG_2569-scaled-1.jpeg\" alt=\"\" \/><\/p>\n                      <\/div>\n    <\/div>\n  <\/div>\n<\/section>\n\n\n\n<section id=\"text-block_c5a47790c6e99ad6941aad1cdcb5f577\" class=\"block-text bottom-margin-small\">\n  <div class=\"grid-container\">\n    <div class=\"grid-x grid-margin-x\">\n      <div class=\"cell medium-offset-1 medium-10\">\n        <h2>\u00bfQui\u00e9n es Nest Global?<\/h2>\n<p>Nest Global es una organizaci\u00f3n sin fines de lucro con sede en Los \u00c1ngeles fundada en 2014 por un grupo de educadores con la creencia de que todos los ni\u00f1os tienen derecho a una educaci\u00f3n de calidad. En sus primeros a\u00f1os, la organizaci\u00f3n sin fines de lucro se asoci\u00f3 con maestros locales, transformando sus aulas y compartiendo pr\u00e1cticas educativas innovadoras destinadas a mejorar las vidas de estudiantes con entornos socioecon\u00f3micos desafiantes.<\/p>\n<p>En 2018, con la intensificaci\u00f3n de la crisis mundial de refugiados, Nest Global ampli\u00f3 sus programas a escala global. Nest Global, que se estableci\u00f3 en Lesbos, Grecia, cre\u00f3 un \u201cNido\u201d (un hermoso y atractivo entorno de aprendizaje temprano) donde los ni\u00f1os peque\u00f1os que hu\u00edan de las guerras en Siria y Afganist\u00e1n pod\u00edan tener un espacio seguro y pac\u00edfico para aprender, jugar y sanar. Cinco a\u00f1os despu\u00e9s, Nest Global tiene seis Nest repartidos por M\u00e9xico, la Rep\u00fablica Democr\u00e1tica del Congo, Zimbabwe y el condado de Los \u00c1ngeles. Estos sitios est\u00e1n dirigidos por un equipo dedicado de maestros capacitados en pedagog\u00edas y pr\u00e1cticas centradas en la curaci\u00f3n.<\/p>\n      <\/div>\n    <\/div>\n  <\/div>\n<\/section>\n\n\n\n<section id=\"video-block_210878f09f64516a2ea9c74c5c07200e\" class=\"block-video bottom-margin-medium\">\n  <div class=\"grid-container\">\n    <div class=\"grid-x grid-margin-x\">\n      <div class=\"cell medium-offset-1 medium-10\">\n        <div class=\"video-container\">\n           <iframe loading=\"lazy\" width=\"560\" height=\"315\" src=\"https:\/\/www.youtube.com\/embed\/fWfmLQo61TU?si=DbAT6rvP9AETyfh-\" title=\"Reproductor de video de YouTube\" frameborder=\"0\" allow=\"accelerometer; autoplay; clipboard-write; encrypted-media; gyroscope; picture-in-picture; web-share\" allowfullscreen><\/iframe>        <\/div>\n      <\/div>\n    <\/div>\n  <\/div>\n<\/section>\n\n\n\n<section id=\"text-block_ff8acd1fd207826111c703d3d43ba8d3\" class=\"block-text bottom-margin-none\">\n  <div class=\"grid-container\">\n    <div class=\"grid-x grid-margin-x\">\n      <div class=\"cell medium-offset-1 medium-10\">\n        <h2>C\u00f3mo trabajamos juntos<\/h2>\n      <\/div>\n    <\/div>\n  <\/div>\n<\/section>\n\n\n\n<section id=\"left-text-right-image-block_b58e0a6618f9ca6a12f563d6091c2c61\" class=\"block-left-text-right-image bottom-margin-medium\">\n  <div class=\"grid-container\">\n    <div class=\"grid-x grid-margin-x\">\n      <div class=\"cell medium-offset-1 medium-5\">\n        <p>Entre 2022 y 2024, A+P y Nest Global trabajar\u00e1n en colaboraci\u00f3n para brindar apoyo educativo a ni\u00f1os y familias que experimentan migraci\u00f3n forzada y pobreza en todo el mundo. A+P financia los salarios de los profesores y apoya los esfuerzos de Nest Global en materia de divulgaci\u00f3n, reconocimiento de marca y recaudaci\u00f3n de fondos. Al contribuir con recursos econ\u00f3micos a centros de aprendizaje que priorizan la participaci\u00f3n y la interactividad, atenci\u00f3n informada sobre traumas, programas de arte y maestros bien remunerados, A+P se une a Nest Global en la misi\u00f3n de la organizaci\u00f3n sin fines de lucro de promover el acceso igualitario a la educaci\u00f3n en Europa, \u00c1frica y el resto del mundo. Frontera M\u00e9xico-Estados Unidos. Este trabajo prepara a los ni\u00f1os desplazados para la educaci\u00f3n formal cultivando habilidades interpersonales como la comunicaci\u00f3n y el pensamiento cr\u00edtico, as\u00ed como habilidades duras como la lectura y las matem\u00e1ticas tempranas.<\/p>\n      <\/div>\n      <div class=\"cell medium-5\">\n                          <img decoding=\"async\" src=\"https:\/\/artandpractice.org\/wp-content\/uploads\/2022\/11\/IMG_1421-scaled-1.jpeg\" alt=\"\" \/>\n              <\/div>\n    <\/div>\n  <\/div>\n<\/section>\n\n\n\n<section id=\"large-text-block_918d9f7ce147394147619900a2303b24\" class=\"block-large-text bottom-margin-large\">\n  <div class=\"grid-container\">\n    <div class=\"grid-x grid-margin-x\">\n      <div class=\"cell medium-offset-1 medium-10\">\n        <h2>\u00bfAsique, c\u00f3mo puedes ayudar?<\/h2>\n<p>La mejor manera de apoyar el trabajo de Nest Global es donando. Las donaciones individuales, las asociaciones y los patrocinios corporativos mantienen operativos los programas de Nest Global y garantizan que puedan continuar brindando educaci\u00f3n y cuidado a los ni\u00f1os y las familias a las que sirven en todo el mundo.<\/p>\n<p>\u00danase a Nest Global y Art + Practice en nuestro trabajo:<\/p>\n                                                      <p class=\"link\">\n              <a href=\"https:\/\/www.paypal.com\/donate\/?cmd=_s-xclick&#038;hosted_button_id=4QXWPCF3YR69C&#038;source=url\" target=\"_blank\" class=\"arrow-link\">donando hoy <i class=\"fas fa-arrow-right arrow\"><\/i><\/a>\n            <\/p>\n                                                          <p class=\"link\">\n              <a href=\"https:\/\/www.nestglobal.org\/partner-with-us\" target=\"_blank\" class=\"arrow-link\">Colaborando con nosotros como socio o patrocinador corporativo <i class=\"fas fa-arrow-right arrow\"><\/i><\/a>\n            <\/p>\n                                    <\/div>\n    <\/div>\n  <\/div>\n<\/section>\n\n\n\n\n<section id=\"faqs-block_8a019368f6791775f39d3503be781325\" class=\"block-faqs bottom-margin-small\">\n                    <div class=\"grid-container\">\n        <div class=\"grid-x grid-margin-x align-justify grid-yellow\">\n          <div class=\"cell medium-3\">\n            <h2>Preguntas frecuentes sobre educaci\u00f3n<\/h2>\n          <\/div>\n          <div class=\"cell medium-8\">\n            <ul class=\"accordion\" data-accordion data-multi-expand=\"true\" data-allow-all-closed=\"true\">\n                                        <li class=\"accordion-item\" data-accordion-item>\n                <a href=\"#\" class=\"accordion-title\">\u00bfPuedo ser voluntario?<\/a>\n                <svg version=\"1.1\" class=\"minus\" xmlns=\"http:\/\/www.w3.org\/2000\/svg\" xmlns:xlink=\"http:\/\/www.w3.org\/1999\/xlink\" x=\"0px\" y=\"0px\" viewbox=\"0 0 33 6.31\" xml:space=\"preserve\">\n                  <path class=\"st0\" d=\"M33,6.31H0V0h33V6.31z\"\/>\n                <\/svg>\n                <svg version=\"1.1\" class=\"plus\" xmlns=\"http:\/\/www.w3.org\/2000\/svg\" xmlns:xlink=\"http:\/\/www.w3.org\/1999\/xlink\" x=\"0px\" y=\"0px\" viewbox=\"0 0 33 33\" style=\"enable-background:new 0 0 33 33;\" xml:space=\"preserve\">\n                  <path class=\"st0\" d=\"M33,19.66H19.66V33h-6.31V19.66H0v-6.31h13.34V0h6.31v13.34H33V19.66z\"\/>\n                <\/svg>\n                <div class=\"accordion-content\" data-tab-content>\n                  <p>\u00a1S\u00ed! Nest Global est\u00e1 buscando voluntarios para trabajar en sus ubicaciones de Nest en Grecia y M\u00e9xico. Como &quot;Nester&quot;, te unir\u00e1s a los maestros locales para trabajar directamente con los ni\u00f1os en el aula durante un turno que generalmente oscila entre una semana y tres meses y recibir\u00e1s capacitaci\u00f3n y tutor\u00eda continuas durante todo el proceso. Visita Nest Global <a href=\"https:\/\/www.nestglobal.org\/\"><b>sitio web<\/b><\/a> aprender m\u00e1s.<\/p>\n                <\/div>\n              <\/li>\n                            <li class=\"accordion-item\" data-accordion-item>\n                <a href=\"#\" class=\"accordion-title\">\u00bfA cu\u00e1ntos ni\u00f1os y familias est\u00e1 sirviendo?<\/a>\n                <svg version=\"1.1\" class=\"minus\" xmlns=\"http:\/\/www.w3.org\/2000\/svg\" xmlns:xlink=\"http:\/\/www.w3.org\/1999\/xlink\" x=\"0px\" y=\"0px\" viewbox=\"0 0 33 6.31\" xml:space=\"preserve\">\n                  <path class=\"st0\" d=\"M33,6.31H0V0h33V6.31z\"\/>\n                <\/svg>\n                <svg version=\"1.1\" class=\"plus\" xmlns=\"http:\/\/www.w3.org\/2000\/svg\" xmlns:xlink=\"http:\/\/www.w3.org\/1999\/xlink\" x=\"0px\" y=\"0px\" viewbox=\"0 0 33 33\" style=\"enable-background:new 0 0 33 33;\" xml:space=\"preserve\">\n                  <path class=\"st0\" d=\"M33,19.66H19.66V33h-6.31V19.66H0v-6.31h13.34V0h6.31v13.34H33V19.66z\"\/>\n                <\/svg>\n                <div class=\"accordion-content\" data-tab-content>\n                  <p>Desde su creaci\u00f3n en 2018, Nest Global ha inscrito a 7000 ni\u00f1os y familias en programas escolares, talleres para padres y programas para padres y yo. Nest Global actualmente opera 18 aulas en 3 continentes y ha brindado m\u00e1s de 100 000 horas de educaci\u00f3n en todo el mundo.<\/p>\n                <\/div>\n              <\/li>\n                            <li class=\"accordion-item\" data-accordion-item>\n                <a href=\"#\" class=\"accordion-title\">\u00bfC\u00f3mo decides d\u00f3nde trabajar?<\/a>\n                <svg version=\"1.1\" class=\"minus\" xmlns=\"http:\/\/www.w3.org\/2000\/svg\" xmlns:xlink=\"http:\/\/www.w3.org\/1999\/xlink\" x=\"0px\" y=\"0px\" viewbox=\"0 0 33 6.31\" xml:space=\"preserve\">\n                  <path class=\"st0\" d=\"M33,6.31H0V0h33V6.31z\"\/>\n                <\/svg>\n                <svg version=\"1.1\" class=\"plus\" xmlns=\"http:\/\/www.w3.org\/2000\/svg\" xmlns:xlink=\"http:\/\/www.w3.org\/1999\/xlink\" x=\"0px\" y=\"0px\" viewbox=\"0 0 33 33\" style=\"enable-background:new 0 0 33 33;\" xml:space=\"preserve\">\n                  <path class=\"st0\" d=\"M33,19.66H19.66V33h-6.31V19.66H0v-6.31h13.34V0h6.31v13.34H33V19.66z\"\/>\n                <\/svg>\n                <div class=\"accordion-content\" data-tab-content>\n                  <p>El ACNUR estima que actualmente hay m\u00e1s de 3,7 millones de ni\u00f1os migrantes y refugiados en todo el mundo que no tienen acceso a la educaci\u00f3n. Al considerar d\u00f3nde centrar sus esfuerzos, Nest Global prioriza \u00e1reas con una alta densidad de ni\u00f1os peque\u00f1os que no tienen acceso a la educaci\u00f3n y solo trabajan en colaboraci\u00f3n con organizaciones comunitarias establecidas que brindan un espacio f\u00edsico, ayudan con las operaciones diarias y ofrecen un conocimiento local invaluable. .<\/p>\n                <\/div>\n              <\/li>\n                          <\/ul>\n          <\/div>\n        <\/div>\n      <\/div>\n          <\/section>","protected":false},"excerpt":{"rendered":"","protected":false},"author":1,"featured_media":0,"parent":0,"menu_order":0,"comment_status":"closed","ping_status":"closed","template":"","meta":{"_acf_changed":false,"footnotes":""},"class_list":["post-2587","page","type-page","status-publish","hentry"],"acf":[],"_links":{"self":[{"href":"https:\/\/artandpractice.org\/es\/wp-json\/wp\/v2\/pages\/2587","targetHints":{"allow":["GET"]}}],"collection":[{"href":"https:\/\/artandpractice.org\/es\/wp-json\/wp\/v2\/pages"}],"about":[{"href":"https:\/\/artandpractice.org\/es\/wp-json\/wp\/v2\/types\/page"}],"author":[{"embeddable":true,"href":"https:\/\/artandpractice.org\/es\/wp-json\/wp\/v2\/users\/1"}],"replies":[{"embeddable":true,"href":"https:\/\/artandpractice.org\/es\/wp-json\/wp\/v2\/comments?post=2587"}],"version-history":[{"count":26,"href":"https:\/\/artandpractice.org\/es\/wp-json\/wp\/v2\/pages\/2587\/revisions"}],"predecessor-version":[{"id":3128,"href":"https:\/\/artandpractice.org\/es\/wp-json\/wp\/v2\/pages\/2587\/revisions\/3128"}],"wp:attachment":[{"href":"https:\/\/artandpractice.org\/es\/wp-json\/wp\/v2\/media?parent=2587"}],"curies":[{"name":"wp","href":"https:\/\/api.w.org\/{rel}","templated":true}]}}