{"id":26,"date":"2020-12-10T09:21:08","date_gmt":"2020-12-10T17:21:08","guid":{"rendered":"http:\/\/localhost.artandpractice\/?page_id=26"},"modified":"2025-03-18T10:33:25","modified_gmt":"2025-03-18T17:33:25","slug":"public-programs","status":"publish","type":"page","link":"https:\/\/artandpractice.org\/es\/public-programs\/","title":{"rendered":"Programas p\u00fablicos"},"content":{"rendered":"<section class=\"block-no-public-programs bottom-margin-extra-large\">\n  <div class=\"grid-container\">\n    <div class=\"grid-x grid-margin-x\">\n      <div class=\"cell\">\n        <h2 class=\"h1\">Programas p\u00fablicos<\/h2>\n        <p>\n                                <img decoding=\"async\" src=\"https:\/\/artandpractice.org\/wp-content\/uploads\/2025\/03\/A20P_Discussion-BenCaldwellandArthurJafa_96-scaled.jpg\" alt=\"\" \/>\n                  <\/p>\n      <\/div>\n    <\/div>\n    <div class=\"grid-x grid-margin-x align-justify grid-text\">\n      <div class=\"cell medium-6\">\n        <div class=\"text-left\">\n          <h2>\u00a1Nuestros programas p\u00fablicos est\u00e1n en proceso!<\/h2>\n        <\/div>\n      <\/div>\n      <div class=\"cell medium-6\">\n        <div class=\"text\">\n          <p>\u00a1Vuelva a consultar regularmente para ver los cambios en las exposiciones o \u00fanase a nuestra lista de correo para recibir actualizaciones directamente en su bandeja de entrada!<\/p>\n        <\/div>\n        <h3>\n          <a href=\"https:\/\/artandpractice.org\/es\/subscribe\/\" class=\"arrow-link\">\u00danase a la lista de correo <i class=\"fas fa-arrow-right arrow\"><\/i><\/a>\n        <\/h3>\n      <\/div>\n    <\/div>\n  <\/div>\n<\/section>\n\n\n\n<section id=\"upcoming-public-programs-block_7f4fda8ece017e4a9cb4f769450afcae\" class=\"block-upcoming-public-programs bottom-margin-large\">\n  <div class=\"grid-container\">\n    <div class=\"grid-x grid-margin-x align-justify align-bottom grid-header\">\n      <div class=\"cell\">\n        <h2>Pr\u00f3ximamente<\/h2>\n      <\/div>\n    <\/div>\n              <div class=\"grid-x grid-margin-x\">\n        <div class=\"cell\">\n          <p>No hay pr\u00f3ximos programas p\u00fablicos. Esta secci\u00f3n solo es visible en el CMS.<\/p>\n        <\/div>\n      <\/div>\n      <\/div>\n<\/section>\n\n\n\n\n<section id=\"faqs-block_14c2f19b0f6e08e7dbf0c80e5cf9991b\" class=\"block-faqs\">\n                    <div class=\"grid-container\">\n        <div class=\"grid-x grid-margin-x align-justify grid-teal\">\n          <div class=\"cell medium-3\">\n            <h2>Preguntas frecuentes sobre programas p\u00fablicos<\/h2>\n          <\/div>\n          <div class=\"cell medium-8\">\n            <ul class=\"accordion\" data-accordion data-multi-expand=\"true\" data-allow-all-closed=\"true\">\n                                        <li class=\"accordion-item\" data-accordion-item>\n                <a href=\"#\" class=\"accordion-title\">\u00bfNecesito confirmar mi asistencia para asistir a un programa p\u00fablico?<\/a>\n                <svg version=\"1.1\" class=\"minus\" xmlns=\"http:\/\/www.w3.org\/2000\/svg\" xmlns:xlink=\"http:\/\/www.w3.org\/1999\/xlink\" x=\"0px\" y=\"0px\" viewbox=\"0 0 33 6.31\" xml:space=\"preserve\">\n                  <path class=\"st0\" d=\"M33,6.31H0V0h33V6.31z\"\/>\n                <\/svg>\n                <svg version=\"1.1\" class=\"plus\" xmlns=\"http:\/\/www.w3.org\/2000\/svg\" xmlns:xlink=\"http:\/\/www.w3.org\/1999\/xlink\" x=\"0px\" y=\"0px\" viewbox=\"0 0 33 33\" style=\"enable-background:new 0 0 33 33;\" xml:space=\"preserve\">\n                  <path class=\"st0\" d=\"M33,19.66H19.66V33h-6.31V19.66H0v-6.31h13.34V0h6.31v13.34H33V19.66z\"\/>\n                <\/svg>\n                <div class=\"accordion-content\" data-tab-content>\n                  <p>No. Si bien Art + Practice generalmente re\u00fane RSVP para programas p\u00fablicos para medir cu\u00e1ntas personas asistir\u00e1n a un programa, A + P no requiere RSVP.<\/p>\n                <\/div>\n              <\/li>\n                            <li class=\"accordion-item\" data-accordion-item>\n                <a href=\"#\" class=\"accordion-title\">\u00bfCu\u00e1ndo est\u00e1 abierto el espacio del programa p\u00fablico de A + P?<\/a>\n                <svg version=\"1.1\" class=\"minus\" xmlns=\"http:\/\/www.w3.org\/2000\/svg\" xmlns:xlink=\"http:\/\/www.w3.org\/1999\/xlink\" x=\"0px\" y=\"0px\" viewbox=\"0 0 33 6.31\" xml:space=\"preserve\">\n                  <path class=\"st0\" d=\"M33,6.31H0V0h33V6.31z\"\/>\n                <\/svg>\n                <svg version=\"1.1\" class=\"plus\" xmlns=\"http:\/\/www.w3.org\/2000\/svg\" xmlns:xlink=\"http:\/\/www.w3.org\/1999\/xlink\" x=\"0px\" y=\"0px\" viewbox=\"0 0 33 33\" style=\"enable-background:new 0 0 33 33;\" xml:space=\"preserve\">\n                  <path class=\"st0\" d=\"M33,19.66H19.66V33h-6.31V19.66H0v-6.31h13.34V0h6.31v13.34H33V19.66z\"\/>\n                <\/svg>\n                <div class=\"accordion-content\" data-tab-content>\n                  <p>El espacio del programa p\u00fablico de Art + Practice est\u00e1 abierto solo para programas programados. El personal de A + P abre el espacio una hora antes del inicio de un programa p\u00fablico en persona.<\/p>\n                <\/div>\n              <\/li>\n                            <li class=\"accordion-item\" data-accordion-item>\n                <a href=\"#\" class=\"accordion-title\">\u00bfPuedo postularme para participar en un programa p\u00fablico?<\/a>\n                <svg version=\"1.1\" class=\"minus\" xmlns=\"http:\/\/www.w3.org\/2000\/svg\" xmlns:xlink=\"http:\/\/www.w3.org\/1999\/xlink\" x=\"0px\" y=\"0px\" viewbox=\"0 0 33 6.31\" xml:space=\"preserve\">\n                  <path class=\"st0\" d=\"M33,6.31H0V0h33V6.31z\"\/>\n                <\/svg>\n                <svg version=\"1.1\" class=\"plus\" xmlns=\"http:\/\/www.w3.org\/2000\/svg\" xmlns:xlink=\"http:\/\/www.w3.org\/1999\/xlink\" x=\"0px\" y=\"0px\" viewbox=\"0 0 33 33\" style=\"enable-background:new 0 0 33 33;\" xml:space=\"preserve\">\n                  <path class=\"st0\" d=\"M33,19.66H19.66V33h-6.31V19.66H0v-6.31h13.34V0h6.31v13.34H33V19.66z\"\/>\n                <\/svg>\n                <div class=\"accordion-content\" data-tab-content>\n                  <p>Art + Practice organiza sus programas p\u00fablicos en colaboraci\u00f3n con instituciones muse\u00edsticas, como una extensi\u00f3n de su programa de exposiciones. A + P no acepta solicitudes para participar en un programa p\u00fablico.<\/p>\n                <\/div>\n              <\/li>\n                            <li class=\"accordion-item\" data-accordion-item>\n                <a href=\"#\" class=\"accordion-title\">\u00bfC\u00f3mo se ponen a disposici\u00f3n del p\u00fablico los programas p\u00fablicos?<\/a>\n                <svg version=\"1.1\" class=\"minus\" xmlns=\"http:\/\/www.w3.org\/2000\/svg\" xmlns:xlink=\"http:\/\/www.w3.org\/1999\/xlink\" x=\"0px\" y=\"0px\" viewbox=\"0 0 33 6.31\" xml:space=\"preserve\">\n                  <path class=\"st0\" d=\"M33,6.31H0V0h33V6.31z\"\/>\n                <\/svg>\n                <svg version=\"1.1\" class=\"plus\" xmlns=\"http:\/\/www.w3.org\/2000\/svg\" xmlns:xlink=\"http:\/\/www.w3.org\/1999\/xlink\" x=\"0px\" y=\"0px\" viewbox=\"0 0 33 33\" style=\"enable-background:new 0 0 33 33;\" xml:space=\"preserve\">\n                  <path class=\"st0\" d=\"M33,19.66H19.66V33h-6.31V19.66H0v-6.31h13.34V0h6.31v13.34H33V19.66z\"\/>\n                <\/svg>\n                <div class=\"accordion-content\" data-tab-content>\n                  <p>A+P organiza programas presenciales en sus programas p\u00fablicos y espacios expositivos. Todos los programas est\u00e1n grabados y disponibles para verlos m\u00e1s tarde en A+P&#039;s. <a href=\"https:\/\/artandpractice.org\/es\/archive\/public-programs\/\">sitio web<\/a>.<\/p>\n                <\/div>\n              <\/li>\n                          <\/ul>\n          <\/div>\n        <\/div>\n      <\/div>\n          <\/section>","protected":false},"excerpt":{"rendered":"","protected":false},"author":1,"featured_media":0,"parent":0,"menu_order":0,"comment_status":"closed","ping_status":"closed","template":"","meta":{"_acf_changed":false,"footnotes":""},"class_list":["post-26","page","type-page","status-publish","hentry"],"acf":[],"_links":{"self":[{"href":"https:\/\/artandpractice.org\/es\/wp-json\/wp\/v2\/pages\/26","targetHints":{"allow":["GET"]}}],"collection":[{"href":"https:\/\/artandpractice.org\/es\/wp-json\/wp\/v2\/pages"}],"about":[{"href":"https:\/\/artandpractice.org\/es\/wp-json\/wp\/v2\/types\/page"}],"author":[{"embeddable":true,"href":"https:\/\/artandpractice.org\/es\/wp-json\/wp\/v2\/users\/1"}],"replies":[{"embeddable":true,"href":"https:\/\/artandpractice.org\/es\/wp-json\/wp\/v2\/comments?post=26"}],"version-history":[{"count":33,"href":"https:\/\/artandpractice.org\/es\/wp-json\/wp\/v2\/pages\/26\/revisions"}],"predecessor-version":[{"id":3639,"href":"https:\/\/artandpractice.org\/es\/wp-json\/wp\/v2\/pages\/26\/revisions\/3639"}],"wp:attachment":[{"href":"https:\/\/artandpractice.org\/es\/wp-json\/wp\/v2\/media?parent=26"}],"curies":[{"name":"wp","href":"https:\/\/api.w.org\/{rel}","templated":true}]}}