{"id":32,"date":"2020-12-10T09:30:30","date_gmt":"2020-12-10T17:30:30","guid":{"rendered":"http:\/\/localhost.artandpractice\/?page_id=32"},"modified":"2023-03-14T16:21:00","modified_gmt":"2023-03-14T23:21:00","slug":"exhibition-tours","status":"publish","type":"page","link":"https:\/\/artandpractice.org\/es\/exhibition-tours\/","title":{"rendered":"Visitas a exposiciones"},"content":{"rendered":"<section id=\"image-caption-block_735283a34455d8fc64f682e0d70efe5a\" class=\"block-image-caption bottom-margin-small\">\n  <div class=\"grid-container\">\n    <div class=\"grid-x grid-margin-x\">\n      <div class=\"cell medium-offset-1 medium-10\">\n                          <p><img decoding=\"async\" src=\"https:\/\/artandpractice.org\/wp-content\/uploads\/2021\/09\/AP___MG_8069-scaled.jpg\" alt=\"\" \/><\/p>\n                        <div class=\"caption\">\n          <p>Tour de estudiantes de <em>El tiempo se acaba: pel\u00edcula y v\u00eddeo experimentales de la rebeli\u00f3n de Los \u00c1ngeles y la actualidad<\/em> en Art + Practice. Leimert Park, Los \u00c1ngeles, CA. 19 de julio de 2019. Foto: Natalie Hon.<\/p>\n        <\/div>\n              <\/div>\n    <\/div>\n  <\/div>\n<\/section>\n\n\n\n<section id=\"large-text-block_a5925a3843d1653724ea30a5d98c6aa1\" class=\"block-large-text bottom-margin-extra-large\">\n  <div class=\"grid-container\">\n    <div class=\"grid-x grid-margin-x\">\n      <div class=\"cell medium-offset-1 medium-10\">\n        <p>\u00a1Bienvenidos maestros, estudiantes y entusiastas del arte! Explore e interact\u00fae con las exhibiciones curadas por museos de A+P. A+P invita a escuelas, estudiantes, maestros y organizaciones locales a experimentar, analizar y participar en sus exhibiciones a la vista. \u00a1Programe su viaje hoy!<\/p>\n                                <\/div>\n    <\/div>\n  <\/div>\n<\/section>\n\n\n\n\n<section id=\"faqs-block_57c2413248680c3a2e078ffdba025fb8\" class=\"block-faqs bottom-margin-small\">\n                    <div class=\"grid-container\">\n        <div class=\"grid-x grid-margin-x align-justify grid-green\">\n          <div class=\"cell medium-3\">\n            <h2>Preguntas frecuentes sobre visitas guiadas<\/h2>\n          <\/div>\n          <div class=\"cell medium-8\">\n            <ul class=\"accordion\" data-accordion data-multi-expand=\"true\" data-allow-all-closed=\"true\">\n                                        <li class=\"accordion-item\" data-accordion-item>\n                <a href=\"#\" class=\"accordion-title\">\u00bfSon los tours gratuitos?<\/a>\n                <svg version=\"1.1\" class=\"minus\" xmlns=\"http:\/\/www.w3.org\/2000\/svg\" xmlns:xlink=\"http:\/\/www.w3.org\/1999\/xlink\" x=\"0px\" y=\"0px\" viewbox=\"0 0 33 6.31\" xml:space=\"preserve\">\n                  <path class=\"st0\" d=\"M33,6.31H0V0h33V6.31z\"\/>\n                <\/svg>\n                <svg version=\"1.1\" class=\"plus\" xmlns=\"http:\/\/www.w3.org\/2000\/svg\" xmlns:xlink=\"http:\/\/www.w3.org\/1999\/xlink\" x=\"0px\" y=\"0px\" viewbox=\"0 0 33 33\" style=\"enable-background:new 0 0 33 33;\" xml:space=\"preserve\">\n                  <path class=\"st0\" d=\"M33,19.66H19.66V33h-6.31V19.66H0v-6.31h13.34V0h6.31v13.34H33V19.66z\"\/>\n                <\/svg>\n                <div class=\"accordion-content\" data-tab-content>\n                  <p>S\u00ed. Los recorridos de Art + Practice son gratuitos.<\/p>\n                <\/div>\n              <\/li>\n                            <li class=\"accordion-item\" data-accordion-item>\n                <a href=\"#\" class=\"accordion-title\">Entonces, \u00bfc\u00f3mo funcionan realmente las visitas K-12?<\/a>\n                <svg version=\"1.1\" class=\"minus\" xmlns=\"http:\/\/www.w3.org\/2000\/svg\" xmlns:xlink=\"http:\/\/www.w3.org\/1999\/xlink\" x=\"0px\" y=\"0px\" viewbox=\"0 0 33 6.31\" xml:space=\"preserve\">\n                  <path class=\"st0\" d=\"M33,6.31H0V0h33V6.31z\"\/>\n                <\/svg>\n                <svg version=\"1.1\" class=\"plus\" xmlns=\"http:\/\/www.w3.org\/2000\/svg\" xmlns:xlink=\"http:\/\/www.w3.org\/1999\/xlink\" x=\"0px\" y=\"0px\" viewbox=\"0 0 33 33\" style=\"enable-background:new 0 0 33 33;\" xml:space=\"preserve\">\n                  <path class=\"st0\" d=\"M33,19.66H19.66V33h-6.31V19.66H0v-6.31h13.34V0h6.31v13.34H33V19.66z\"\/>\n                <\/svg>\n                <div class=\"accordion-content\" data-tab-content>\n                  <p>Los profesores programan su visita a Art + Practice registr\u00e1ndose <a href=\"https:\/\/artandpractice.org\/es\/exhibition-tours\/schedule-a-tour\/\">AQU\u00cd<\/a> con la siguiente informaci\u00f3n: el n\u00famero de estudiantes, nivel de grado, horarios solicitados e informaci\u00f3n de contacto. El personal de A+P responder\u00e1 a la entrada en l\u00ednea de inmediato. Las reservas deben hacerse con 3 semanas de anticipaci\u00f3n, como m\u00ednimo.<\/p>\n<p>Cuando su grupo escolar llegue a A + P, ser\u00e1 recibido por el personal de A + P.<\/p>\n                <\/div>\n              <\/li>\n                            <li class=\"accordion-item\" data-accordion-item>\n                <a href=\"#\" class=\"accordion-title\">\u00bfPuedo traer mi colegio \/ universidad o clase para adultos?<\/a>\n                <svg version=\"1.1\" class=\"minus\" xmlns=\"http:\/\/www.w3.org\/2000\/svg\" xmlns:xlink=\"http:\/\/www.w3.org\/1999\/xlink\" x=\"0px\" y=\"0px\" viewbox=\"0 0 33 6.31\" xml:space=\"preserve\">\n                  <path class=\"st0\" d=\"M33,6.31H0V0h33V6.31z\"\/>\n                <\/svg>\n                <svg version=\"1.1\" class=\"plus\" xmlns=\"http:\/\/www.w3.org\/2000\/svg\" xmlns:xlink=\"http:\/\/www.w3.org\/1999\/xlink\" x=\"0px\" y=\"0px\" viewbox=\"0 0 33 33\" style=\"enable-background:new 0 0 33 33;\" xml:space=\"preserve\">\n                  <path class=\"st0\" d=\"M33,19.66H19.66V33h-6.31V19.66H0v-6.31h13.34V0h6.31v13.34H33V19.66z\"\/>\n                <\/svg>\n                <div class=\"accordion-content\" data-tab-content>\n                  <p>\u00a1Por supuesto! Art + Practice da la bienvenida a todos los niveles educativos para explorar y aprender sobre las exposiciones a la vista. Tenga en cuenta que el tama\u00f1o m\u00e1ximo de un grupo de visitantes es de 60 estudiantes y se recomienda encarecidamente a los grupos de 30 o menos. Programa tu recorrido educativo a A + P registr\u00e1ndote <a href=\"https:\/\/artandpractice.org\/es\/exhibition-tours\/schedule-a-tour\/\">AQU\u00cd<\/a>.<\/p>\n                <\/div>\n              <\/li>\n                          <\/ul>\n          <\/div>\n        <\/div>\n      <\/div>\n          <\/section>","protected":false},"excerpt":{"rendered":"","protected":false},"author":1,"featured_media":0,"parent":0,"menu_order":0,"comment_status":"closed","ping_status":"closed","template":"","meta":{"_acf_changed":false,"footnotes":""},"class_list":["post-32","page","type-page","status-publish","hentry"],"acf":[],"_links":{"self":[{"href":"https:\/\/artandpractice.org\/es\/wp-json\/wp\/v2\/pages\/32","targetHints":{"allow":["GET"]}}],"collection":[{"href":"https:\/\/artandpractice.org\/es\/wp-json\/wp\/v2\/pages"}],"about":[{"href":"https:\/\/artandpractice.org\/es\/wp-json\/wp\/v2\/types\/page"}],"author":[{"embeddable":true,"href":"https:\/\/artandpractice.org\/es\/wp-json\/wp\/v2\/users\/1"}],"replies":[{"embeddable":true,"href":"https:\/\/artandpractice.org\/es\/wp-json\/wp\/v2\/comments?post=32"}],"version-history":[{"count":29,"href":"https:\/\/artandpractice.org\/es\/wp-json\/wp\/v2\/pages\/32\/revisions"}],"predecessor-version":[{"id":2725,"href":"https:\/\/artandpractice.org\/es\/wp-json\/wp\/v2\/pages\/32\/revisions\/2725"}],"wp:attachment":[{"href":"https:\/\/artandpractice.org\/es\/wp-json\/wp\/v2\/media?parent=32"}],"curies":[{"name":"wp","href":"https:\/\/api.w.org\/{rel}","templated":true}]}}