{"id":9,"date":"2020-12-05T17:22:08","date_gmt":"2020-12-05T17:22:08","guid":{"rendered":"http:\/\/localhost.artandpractice\/?page_id=9"},"modified":"2024-04-11T11:50:43","modified_gmt":"2024-04-11T18:50:43","slug":"about","status":"publish","type":"page","link":"https:\/\/artandpractice.org\/es\/about\/","title":{"rendered":"Sobre A + P"},"content":{"rendered":"<section id=\"large-text-block_cbfd1785597157838c02b47c6309b09e\" class=\"block-large-text\">\n  <div class=\"grid-container\">\n    <div class=\"grid-x grid-margin-x\">\n      <div class=\"cell medium-offset-1 medium-10\">\n                                        <\/div>\n    <\/div>\n  <\/div>\n<\/section>\n\n\n\n<section id=\"large-text-block_12b3e0da865575e472c0c1f418ba2541\" class=\"block-large-text bottom-margin-small\">\n  <div class=\"grid-container\">\n    <div class=\"grid-x grid-margin-x\">\n      <div class=\"cell medium-offset-1 medium-10\">\n        <p><span style=\"font-weight: 400\">Art + Practice (A+P) es una fundaci\u00f3n 501(c)3 de operaci\u00f3n privada con sede en el vecindario de Leimert Park en el sur de Los \u00c1ngeles. <\/span><span style=\"font-weight: 400\">A+P apoya las necesidades locales de los j\u00f3venes en crianza temporal en edad de transici\u00f3n y de los ni\u00f1os que experimentan desplazamiento en todo el mundo a trav\u00e9s de sus colaboraciones con los proveedores de servicios sociales sin fines de lucro First Place for Youth y Nest Global. A+P tambi\u00e9n brinda a los angelinos acceso gratuito a arte contempor\u00e1neo curado por museos, organizado por el Museo Afroamericano de California.\u00a0<\/span><\/p>\n<p><span style=\"font-weight: 400\">La entrada a toda la programaci\u00f3n de arte es gratuita y abierta al p\u00fablico. A+P ocupa un campus de casi 20,000 pies cuadrados, desde el cual organiza sus programas y actividades relacionados con el arte y la crianza de los j\u00f3venes. Este plantel incluye:<\/span><\/p>\n                                <\/div>\n    <\/div>\n  <\/div>\n<\/section>\n\n\n\n<style type=\"text\/css\">\n  #two-columns-images-captions-block_93f411e3d0c2c8af5396091c24efb982 {\n    \/* Add styles that use ACF values here *\/\n  }\n<\/style>\n\n<section id=\"two-columns-images-captions-block_93f411e3d0c2c8af5396091c24efb982\" class=\"block-two-columns-images-captions\">\n  <div class=\"grid-container\">\n    <div class=\"grid-x grid-margin-x align-middle\">\n                <div class=\"cell medium-offset-1 medium-5\">\n                      <div class=\"image-caption\">\n                                            <p><img decoding=\"async\" src=\"https:\/\/artandpractice.org\/wp-content\/uploads\/2021\/09\/Screen_Standard-artpractice_A_08062021-15944-1.jpg\" alt=\"\" \/><\/p>\n                            <p><span style=\"font-weight: 400\">Un espacio de programa p\u00fablico para charlas moderadas de artistas, mesas redondas, proyecciones de pel\u00edculas, conferencias y talleres organizados para coincidir con las exposiciones a la vista.<\/span><\/p>\n            <\/div>\n                          <\/div>\n                <div class=\"cell  medium-5\">\n                      <div class=\"image-caption\">\n                                            <p><img decoding=\"async\" src=\"https:\/\/artandpractice.org\/wp-content\/uploads\/2021\/09\/Screen_Standard-artpractice_A_08062021-15986.jpg\" alt=\"\" \/><\/p>\n                            <p><span style=\"font-weight: 400\">Un espacio de exhibici\u00f3n comisariado por el Museo Afroamericano de California como parte de una colaboraci\u00f3n de cinco a\u00f1os.<\/span><\/p>\n            <\/div>\n                      <div class=\"image-caption\">\n                                            <p><img decoding=\"async\" src=\"https:\/\/artandpractice.org\/wp-content\/uploads\/2021\/07\/first-place-youth-space.png\" alt=\"\" \/><\/p>\n                            <p><span style=\"font-weight: 400\">Un espacio donde First Place for Youth ofrece oportunidades de vivienda y servicios de administraci\u00f3n de casos, como educaci\u00f3n individualizada y apoyo laboral, para j\u00f3venes de crianza temporal de 18 a 24 a\u00f1os.<\/span><\/p>\n            <\/div>\n                  <\/div>\n              <\/div>\n    <\/div>\n  <\/div>\n<\/section>\n\n\n\n<section id=\"video-block_f104a52636770c8d03e49fd7ebc5fb35\" class=\"block-video bottom-margin-large\">\n  <div class=\"grid-container\">\n    <div class=\"grid-x grid-margin-x\">\n      <div class=\"cell medium-offset-1 medium-10\">\n        <div class=\"video-container\">\n                  <\/div>\n      <\/div>\n    <\/div>\n  <\/div>\n<\/section>","protected":false},"excerpt":{"rendered":"","protected":false},"author":1,"featured_media":0,"parent":0,"menu_order":0,"comment_status":"closed","ping_status":"closed","template":"","meta":{"_acf_changed":false,"footnotes":""},"class_list":["post-9","page","type-page","status-publish","hentry"],"acf":[],"_links":{"self":[{"href":"https:\/\/artandpractice.org\/es\/wp-json\/wp\/v2\/pages\/9","targetHints":{"allow":["GET"]}}],"collection":[{"href":"https:\/\/artandpractice.org\/es\/wp-json\/wp\/v2\/pages"}],"about":[{"href":"https:\/\/artandpractice.org\/es\/wp-json\/wp\/v2\/types\/page"}],"author":[{"embeddable":true,"href":"https:\/\/artandpractice.org\/es\/wp-json\/wp\/v2\/users\/1"}],"replies":[{"embeddable":true,"href":"https:\/\/artandpractice.org\/es\/wp-json\/wp\/v2\/comments?post=9"}],"version-history":[{"count":73,"href":"https:\/\/artandpractice.org\/es\/wp-json\/wp\/v2\/pages\/9\/revisions"}],"predecessor-version":[{"id":3087,"href":"https:\/\/artandpractice.org\/es\/wp-json\/wp\/v2\/pages\/9\/revisions\/3087"}],"wp:attachment":[{"href":"https:\/\/artandpractice.org\/es\/wp-json\/wp\/v2\/media?parent=9"}],"curies":[{"name":"wp","href":"https:\/\/api.w.org\/{rel}","templated":true}]}}